{"id":23946022,"date":"2024-04-09T10:35:54","date_gmt":"2024-04-09T08:35:54","guid":{"rendered":"https:\/\/celliers.ch\/grad-t2\/"},"modified":"2024-07-18T12:40:22","modified_gmt":"2024-07-18T10:40:22","slug":"grad-t2","status":"publish","type":"page","link":"https:\/\/celliers.ch\/de\/grad-t2\/","title":{"rendered":"Grad T2"},"content":{"rendered":"<p>[et_pb_section fb_built=&#8220;1&#8243; _builder_version=&#8220;4.24.2&#8243; _module_preset=&#8220;default&#8220; global_colors_info=&#8220;{}&#8220;][et_pb_row _builder_version=&#8220;4.24.2&#8243; _module_preset=&#8220;default&#8220; global_colors_info=&#8220;{}&#8220;][et_pb_column type=&#8220;4_4&#8243; _builder_version=&#8220;4.24.2&#8243; _module_preset=&#8220;default&#8220; global_colors_info=&#8220;{}&#8220;][et_pb_text _builder_version=&#8220;4.24.2&#8243; _module_preset=&#8220;default&#8220; global_colors_info=&#8220;{}&#8220;]<\/p>\n<p>Im Zusammenhang mit sportlichen Aktivit\u00e4ten in den Bergen sind verschiedene<span> <\/span><strong>Schwierigkeitsskalen<\/strong><span> <\/span>wurden festgelegt. Diese Angaben werden je nach Disziplin (Schneeschuhwandern, Skifahren, Snowboarden, Bergwandern, Bergsteigen oder Klettern) gemacht und geben Aufschluss \u00fcber die Eigenschaften und Bedingungen eines Gel\u00e4ndes.<\/p>\n<p>Bei Celliers de Sion finden unsere Aktivit\u00e4ten im Freien auf einem markierten Weg im Herzen unseres Weinbergs Clavau statt, dessen<span> <\/span><strong>Schwierigkeitsgrad T2 ist<\/strong>.<\/p>\n<p>[\/et_pb_text][\/et_pb_column][\/et_pb_row][\/et_pb_section][et_pb_section fb_built=&#8220;1&#8243; _builder_version=&#8220;4.24.2&#8243; _module_preset=&#8220;default&#8220; background_color=&#8220;#FFFFFF&#8220; custom_padding=&#8220;10px||||false|false&#8220; global_colors_info=&#8220;{}&#8220;][et_pb_row column_structure=&#8220;3_4,1_4&#8243; _builder_version=&#8220;4.24.2&#8243; _module_preset=&#8220;default&#8220; global_colors_info=&#8220;{}&#8220;][et_pb_column type=&#8220;3_4&#8243; _builder_version=&#8220;4.24.2&#8243; _module_preset=&#8220;default&#8220; global_colors_info=&#8220;{}&#8220;][et_pb_text _builder_version=&#8220;4.24.2&#8243; _module_preset=&#8220;default&#8220; global_colors_info=&#8220;{}&#8220;]<\/p>\n<h2>Grad T2<\/h2>\n<p>[\/et_pb_text][et_pb_text _builder_version=&#8220;4.24.2&#8243; _module_preset=&#8220;default&#8220; global_colors_info=&#8220;{}&#8220;]<\/p>\n<p>Die Schwierigkeitsgrade in Bezug auf<span> <\/span><strong>Wanderaktivit\u00e4ten<\/strong><span> <\/span>in der Schweiz sind gestaffelt<span> <\/span><strong>von T1 bis T6<\/strong>. Der Grad T2 bezieht sich auf eine Strecke mit mittlerem Schwierigkeitsgrad.<\/p>\n<p>Die Wege und Pfade auf der Route T2 sind durchgehend markiert. Das Gel\u00e4nde kann manchmal<strong>steil oder felsig<\/strong> sein, weshalb Sie in der Regel \u00fcber eine Reihe von<span> <\/span><strong>Trekkingschuhe werden empfohlen<\/strong>.<\/p>\n<p>Das Gel\u00e4nde ist gem\u00e4\u00df den Standards der FSTP markiert, wenn es die Hinweise<span> <\/span><strong>wei\u00df-rot-wei\u00df<\/strong> enth\u00e4lt, wie sie auf unseren Schildern entlang der Route durch die Weinberge von Clavau zu finden sind.<\/p>\n<p>[\/et_pb_text][\/et_pb_column][et_pb_column type=&#8220;1_4&#8243; _builder_version=&#8220;4.24.2&#8243; _module_preset=&#8220;default&#8220; global_colors_info=&#8220;{}&#8220;][et_pb_image src=&#8220;https:\/\/celliers.ch\/wp-content\/uploads\/2024\/04\/Suivez-le-guide.jpg&#8220; alt=&#8220;Celliers de Sion&#8220; title_text=&#8220;Folgen Sie dem Reisef\u00fchrer&#8220; align=&#8220;center&#8220; _builder_version=&#8220;4.24.2&#8243; _module_preset=&#8220;default&#8220; custom_css_main_element=&#8220;align-self: center;&#8220; global_colors_info=&#8220;{}&#8220;][\/et_pb_image][\/et_pb_column][\/et_pb_row][\/et_pb_section][et_pb_section fb_built=&#8220;1&#8243; _builder_version=&#8220;4.24.2&#8243; _module_preset=&#8220;default&#8220; global_colors_info=&#8220;{}&#8220;][et_pb_row _builder_version=&#8220;4.24.2&#8243; _module_preset=&#8220;default&#8220; global_colors_info=&#8220;{}&#8220;][et_pb_column type=&#8220;4_4&#8243; _builder_version=&#8220;4.24.2&#8243; _module_preset=&#8220;default&#8220; global_colors_info=&#8220;{}&#8220;][et_pb_text _builder_version=&#8220;4.24.2&#8243; _module_preset=&#8220;default&#8220; global_colors_info=&#8220;{}&#8220;]<\/p>\n<h2>Unsere Outdoor-Aktivit\u00e4ten &#8211; T2<\/h2>\n<p>[\/et_pb_text][\/et_pb_column][\/et_pb_row][et_pb_row column_structure=&#8220;1_3,2_3&#8243; make_equal=&#8220;on&#8220; _builder_version=&#8220;4.24.2&#8243; _module_preset=&#8220;default&#8220; global_colors_info=&#8220;{}&#8220;][et_pb_column type=&#8220;1_3&#8243; _builder_version=&#8220;4.24.2&#8243; _module_preset=&#8220;default&#8220; global_colors_info=&#8220;{}&#8220;][et_pb_image src=&#8220;https:\/\/celliers.ch\/wp-content\/uploads\/2024\/03\/guerite-brulefer-degustation.jpg&#8220; alt=&#8220;Gu\u00e9rite Br\u00fblefer Degustation&#8220; title_text=&#8220;guerite-brulefer-degustation&#8220; url=&#8220;https:\/\/celliers.ch\/de\/aktivitaten\/kulinarische-wanderung\/&#8220; _builder_version=&#8220;4.24.2&#8243; _module_preset=&#8220;default&#8220; global_colors_info=&#8220;{}&#8220;][\/et_pb_image][\/et_pb_column][et_pb_column type=&#8220;2_3&#8243; _builder_version=&#8220;4.24.2&#8243; _module_preset=&#8220;default&#8220; global_colors_info=&#8220;{}&#8220;][et_pb_text _builder_version=&#8220;4.24.2&#8243; _module_preset=&#8220;default&#8220; header_3_text_color=&#8220;gcid-5bb8bbae-64e2-42dd-a614-e8fbea0b29dd&#8220; global_colors_info=&#8220;{%22gcid-5bb8bbae-64e2-42dd-a614-e8fbea0b29dd%22:%91%22header_3_text_color%22%93}&#8220;]<\/p>\n<h3>Kulinarische Wanderung<\/h3>\n<p><span><\/span><\/p>\n<p><span>Sie fahren durch unsere Weinberge in Clavau und genie\u00dfen ein 3-G\u00e4nge-Men\u00fc in einer unserer H\u00fctten sowie 5 Gl\u00e4ser Wein, die Sie w\u00e4hrend der Fahrt probieren k\u00f6nnen.<\/span><\/p>\n<p>[\/et_pb_text][et_pb_button button_url=&#8220;https:\/\/celliers.ch\/de\/aktivitaten\/kulinarische-wanderung\/&#8220; url_new_window=&#8220;on&#8220; button_text=&#8220;Infos &amp; Buchung&#8220; _builder_version=&#8220;4.24.2&#8243; _module_preset=&#8220;default&#8220; global_colors_info=&#8220;{}&#8220;][\/et_pb_button][\/et_pb_column][\/et_pb_row][et_pb_row column_structure=&#8220;1_3,2_3&#8243; make_equal=&#8220;on&#8220; _builder_version=&#8220;4.24.2&#8243; _module_preset=&#8220;default&#8220; global_colors_info=&#8220;{}&#8220;][et_pb_column type=&#8220;1_3&#8243; _builder_version=&#8220;4.24.2&#8243; _module_preset=&#8220;default&#8220; global_colors_info=&#8220;{}&#8220;][et_pb_image src=&#8220;https:\/\/celliers.ch\/wp-content\/uploads\/2024\/03\/tour-des-guerites-clos.jpg&#8220; alt=&#8220;Tour des Gu\u00e9rites Clos du Ch\u00e2teau&#8220; title_text=&#8220;tour-des-guerites-clos&#8220; url=&#8220;https:\/\/celliers.ch\/de\/aktivitaten\/rebhauschen-tour\/&#8220; _builder_version=&#8220;4.24.2&#8243; _module_preset=&#8220;default&#8220; global_colors_info=&#8220;{}&#8220;][\/et_pb_image][\/et_pb_column][et_pb_column type=&#8220;2_3&#8243; _builder_version=&#8220;4.24.2&#8243; _module_preset=&#8220;default&#8220; global_colors_info=&#8220;{}&#8220;][et_pb_text _builder_version=&#8220;4.24.2&#8243; _module_preset=&#8220;default&#8220; header_3_text_color=&#8220;gcid-5bb8bbae-64e2-42dd-a614-e8fbea0b29dd&#8220; global_colors_info=&#8220;{%22gcid-5bb8bbae-64e2-42dd-a614-e8fbea0b29dd%22:%91%22header_3_text_color%22%93}&#8220;]<\/p>\n<h3>Die Rebh\u00e4uschen-Tour<\/h3>\n<p><span><\/span><\/p>\n<p><span>Genie\u00dfen Sie mit Freunden, Familie oder Kollegen einen Tag in Begleitung eines F\u00fchrers im Herzen der Domaines Bonvin und Varone. Gourmet-Haltestellen, Weinproben und Erkl\u00e4rungen zu unserem Walliser Weinkulturerbe.<\/span><\/p>\n<p>[\/et_pb_text][et_pb_button button_url=&#8220;https:\/\/celliers.ch\/de\/aktivitaten\/rebhauschen-tour\/&#8220; url_new_window=&#8220;on&#8220; button_text=&#8220;Infos &amp; Buchung&#8220; _builder_version=&#8220;4.24.2&#8243; _module_preset=&#8220;default&#8220; global_colors_info=&#8220;{}&#8220;][\/et_pb_button][\/et_pb_column][\/et_pb_row][et_pb_row _builder_version=&#8220;4.24.2&#8243; _module_preset=&#8220;default&#8220; global_colors_info=&#8220;{}&#8220;][et_pb_column type=&#8220;4_4&#8243; _builder_version=&#8220;4.24.2&#8243; _module_preset=&#8220;default&#8220; global_colors_info=&#8220;{}&#8220;][et_pb_text _builder_version=&#8220;4.24.2&#8243; _module_preset=&#8220;default&#8220; global_colors_info=&#8220;{}&#8220;]<\/p>\n<h2>Alle Schwierigkeitsgrade<\/h2>\n<p>[\/et_pb_text][et_pb_text _builder_version=&#8220;4.24.2&#8243; _module_preset=&#8220;default&#8220; global_colors_info=&#8220;{}&#8220;]<\/p>\n<p><span>Diese Schwierigkeitsskalen haben in allen Disziplinen eines gemeinsam: Der Unterschied zwischen leicht und schwer ist gro\u00df. Hier ist ein  <\/span><strong>Zusammenfassung der in der Schweiz verwendeten Schwierigkeitsgrade.<\/strong><span> vom Schweizer Alpenverein ausgearbeitet.<\/span><\/p>\n<p>[\/et_pb_text][dipi_advanced_tabs use_sticky_tabs=&#8220;off&#8220; tabs_container_width=&#8220;13%&#8220; use_scroll_to_content=&#8220;off&#8220; content_bg_color=&#8220;#FFFFFF&#8220; tabs_bg_color=&#8220;#FFFFFF&#8220; tabs_item_bg_color=&#8220;#FFFFFF&#8220; _builder_version=&#8220;4.24.2&#8243; _module_preset=&#8220;default&#8220; background_color=&#8220;RGBA(255,255,255,0)&#8220; hover_enabled=&#8220;0&#8243; border_radii=&#8220;on|30px|30px|30px|30px&#8220; border_radii_content_wrapper=&#8220;on|30px|30px|30px|30px&#8220; border_color_all_content_wrapper=&#8220;#FFFFFF&#8220; border_radii_tabs_wrapper=&#8220;on|30px|30px|30px|30px&#8220; border_color_all_tabs_wrapper=&#8220;#FFFFFF&#8220; border_color_all_tabs_item=&#8220;gcid-de147bab-cb71-4dd3-93a6-5bd6489abf79&#8243; global_colors_info=&#8220;{%22gcid-de147bab-cb71-4dd3-93a6-5bd6489abf79%22:%91%22border_color_all_tabs_item%22,%22border_color_right_tabs_item%22%93,%22gcid-5bb8bbae-64e2-42dd-a614-e8fbea0b29dd%22:%91%22title_active_text_color%22%93}&#8220; border_width_all_tabs_wrapper=&#8220;0px&#8220; tabs_bg_enable_color=&#8220;on&#8220; content_bg_enable_color=&#8220;on&#8220; tabs_item_bg_enable_color=&#8220;on&#8220; border_width_right_tabs_item=&#8220;1px&#8220; border_color_right_tabs_item=&#8220;gcid-de147bab-cb71-4dd3-93a6-5bd6489abf79&#8243; subtitle_font=&#8220;||||||||&#8220; title_active_text_color=&#8220;gcid-5bb8bbae-64e2-42dd-a614-e8fbea0b29dd&#8220; title_text_color=&#8220;#000000&#8243; sticky_enabled=&#8220;0&#8243; use_active_arrow=&#8220;on&#8220; active_arrow_color=&#8220;#FFFFFF&#8220; active_arrow_size=&#8220;58px&#8220; arrow_align=&#8220;center&#8220;][dipi_advanced_tabs_item title=&#8220;T1&#8243; _builder_version=&#8220;4.24.2&#8243; _module_preset=&#8220;default&#8220; title_font=&#8220;|700||on|||||&#8220; title_text_color=&#8220;gcid-5bb8bbae-64e2-42dd-a614-e8fbea0b29dd&#8220; title_font_size=&#8220;18px&#8220; title_letter_spacing=&#8220;1px&#8220; custom_padding=&#8220;20px|20px|20px|20px|false|false&#8220; border_radii=&#8220;on|30px|30px|30px|30px&#8220; border_radii_image=&#8220;on|30px|30px|30px|30px&#8220; border_radii_tab_image=&#8220;on|30px|30px|30px|30px&#8220; border_radii_tab_image_active=&#8220;on|30px|30px|30px|30px&#8220; global_colors_info=&#8220;{%22gcid-5bb8bbae-64e2-42dd-a614-e8fbea0b29dd%22:%91%22title_text_color%22%93}&#8220;]<\/p>\n<p><strong>Beschreibung<\/strong><\/p>\n<p><span>Gut markierter Weg oder Pfad. Exponierte Stellen (falls vorhanden) sind sehr gut gesch\u00fctzt. Alle Unfallrisiken k\u00f6nnen durch normales Verhalten vermieden werden.<\/span><br \/><span>Wenn nach FSTP-Standards markiert: gelb.<\/span><\/p>\n<p><strong>Forderungen<\/strong><\/p>\n<p><span>Keine, auch in &#8222;Turnschuhen&#8220; geeignet.<br \/>Die Orientierung ist kein Problem.<\/span><\/p>\n<p>[\/dipi_advanced_tabs_item][dipi_advanced_tabs_item title=&#8220;T2&#8243; _builder_version=&#8220;4.24.2&#8243; _module_preset=&#8220;default&#8220; title_font=&#8220;|700||on|||||&#8220; title_text_color=&#8220;gcid-5bb8bbae-64e2-42dd-a614-e8fbea0b29dd&#8220; title_font_size=&#8220;18px&#8220; title_letter_spacing=&#8220;1px&#8220; custom_padding=&#8220;20px|20px|20px|20px|false|false&#8220; border_radii=&#8220;on|30px|30px|30px|30px&#8220; border_radii_image=&#8220;on|30px|30px|30px|30px&#8220; border_radii_tab_image=&#8220;on|30px|30px|30px|30px&#8220; border_radii_tab_image_active=&#8220;on|30px|30px|30px|30px&#8220; global_colors_info=&#8220;{%22gcid-5bb8bbae-64e2-42dd-a614-e8fbea0b29dd%22:%91%22title_text_color%22%93}&#8220;]<\/p>\n<p><strong>Beschreibung<\/strong><\/p>\n<p><span>Ein Weg oder Pfad mit ununterbrochenem Verlauf und regelm\u00e4\u00dfigen Steigungen. Manchmal steiles Gel\u00e4nde, Sturzgefahr nicht ausgeschlossen.<\/span><br \/><span>Wenn nach FSTP-Normen markiert: wei\u00df &#8211; rot &#8211; wei\u00df<\/span><\/p>\n<p><strong>Forderungen<\/strong><\/p>\n<p><span>Trittsicherheit, Trekkingschuhe werden empfohlen.<\/span><br \/><span>Grundlegende Orientierungsf\u00e4higkeiten.<\/span><\/p>\n<p>[\/dipi_advanced_tabs_item][dipi_advanced_tabs_item title=&#8220;T3&#8243; _builder_version=&#8220;4.24.2&#8243; _module_preset=&#8220;default&#8220; title_font=&#8220;|700||on|||||&#8220; title_text_color=&#8220;gcid-5bb8bbae-64e2-42dd-a614-e8fbea0b29dd&#8220; title_font_size=&#8220;18px&#8220; title_letter_spacing=&#8220;1px&#8220; custom_padding=&#8220;20px|20px|20px|20px|false|false&#8220; border_radii=&#8220;on|30px|30px|30px|30px&#8220; border_radii_image=&#8220;on|30px|30px|30px|30px&#8220; border_radii_tab_image=&#8220;on|30px|30px|30px|30px&#8220; border_radii_tab_image_active=&#8220;on|30px|30px|30px|30px&#8220; global_colors_info=&#8220;{%22gcid-5bb8bbae-64e2-42dd-a614-e8fbea0b29dd%22:%91%22title_text_color%22%93}&#8220;]<\/p>\n<p><strong>Beschreibung<\/strong><\/p>\n<p><span>Nicht unbedingt sichtbarer Pfad im Gel\u00e4nde, exponierte Passagen k\u00f6nnen mit Seilen oder Ketten gesichert werden; eventuell Handst\u00fctzen f\u00fcr das Gleichgewicht. Einige exponierte Passagen mit Absturzgefahr, Ger\u00f6ll, felsige H\u00e4nge ohne Weg.<\/span><br \/><span>Wenn nach FSTP-Normen markiert: wei\u00df &#8211; rot &#8211; wei\u00df<\/span><\/p>\n<p><strong>Forderungen<\/strong><\/p>\n<p><span>Sehr trittsicher, gute Trekkingschuhe. Mittlere Orientierungsf\u00e4higkeit.<br \/>Elementare Bergerfahrungen.<\/span><\/p>\n<p>[\/dipi_advanced_tabs_item][dipi_advanced_tabs_item title=&#8220;T4&#8243; _builder_version=&#8220;4.24.2&#8243; _module_preset=&#8220;default&#8220; title_font=&#8220;|700||on|||||&#8220; title_text_color=&#8220;gcid-5bb8bbae-64e2-42dd-a614-e8fbea0b29dd&#8220; title_font_size=&#8220;18px&#8220; title_letter_spacing=&#8220;1px&#8220; custom_padding=&#8220;20px|20px|20px|20px|false|false&#8220; border_radii=&#8220;on|30px|30px|30px|30px&#8220; border_radii_image=&#8220;on|30px|30px|30px|30px&#8220; border_radii_tab_image=&#8220;on|30px|30px|30px|30px&#8220; border_radii_tab_image_active=&#8220;on|30px|30px|30px|30px&#8220; global_colors_info=&#8220;{%22gcid-5bb8bbae-64e2-42dd-a614-e8fbea0b29dd%22:%91%22title_text_color%22%93}&#8220;]<\/p>\n<p><strong>Beschreibung<\/strong><\/p>\n<p><span>Der Pfad ist manchmal nicht vorhanden, so dass die Hilfe der H\u00e4nde erforderlich sein kann, um voranzukommen. Ziemlich exponiertes Gel\u00e4nde, zarte Grash\u00e4nge, mit Felsen durchsetzte Grash\u00e4nge. Leichter Firn und nicht schneebedeckte Eispassagen.<\/span><br \/><span>Wenn nach FSTP-Normen markiert: wei\u00df &#8211; blau &#8211; wei\u00df.<\/span><\/p>\n<p><strong>Forderungen<\/strong><\/p>\n<p><span>Vertrautheit mit exponiertem Gel\u00e4nde, feste Trekkingschuhe. F\u00e4higkeit, das Gel\u00e4nde zu beurteilen und gute Orientierungsf\u00e4higkeiten.<\/span><br \/><span>Alpine Erfahrung: Bei schlechtem Wetter kann es schwierig sein, sich zur\u00fcckzuziehen.<\/span><\/p>\n<p>[\/dipi_advanced_tabs_item][dipi_advanced_tabs_item title=&#8220;T5&#8243; _builder_version=&#8220;4.24.2&#8243; _module_preset=&#8220;default&#8220; title_font=&#8220;|700||on|||||&#8220; title_text_color=&#8220;gcid-5bb8bbae-64e2-42dd-a614-e8fbea0b29dd&#8220; title_font_size=&#8220;18px&#8220; title_letter_spacing=&#8220;1px&#8220; custom_padding=&#8220;20px|20px|20px|20px|false|false&#8220; border_radii=&#8220;on|30px|30px|30px|30px&#8220; border_radii_image=&#8220;on|30px|30px|30px|30px&#8220; border_radii_tab_image=&#8220;on|30px|30px|30px|30px&#8220; border_radii_tab_image_active=&#8220;on|30px|30px|30px|30px&#8220; global_colors_info=&#8220;{%22gcid-5bb8bbae-64e2-42dd-a614-e8fbea0b29dd%22:%91%22title_text_color%22%93}&#8220;]<\/p>\n<p><strong>Beschreibung<\/strong><\/p>\n<p><span>Oft weglos, einige leichte Kletterpassagen. Schwieriges exponiertes Gel\u00e4nde, mit Felsen durchsetzte H\u00e4nge. Gletscher und Firn, die eine Rutschgefahr darstellen.<\/span><br \/><span>Wenn markiert: wei\u00df &#8211; blau &#8211; wei\u00df.<\/span><\/p>\n<p><strong>Forderungen<\/strong><\/p>\n<p><span>Bergschuhe. Sichere Einsch\u00e4tzung des Gel\u00e4ndes und sehr gute Orientierungsf\u00e4higkeiten. Gute alpine Erfahrung und Grundkenntnisse im Umgang mit Eispickel und Seil.<\/span><\/p>\n<p>[\/dipi_advanced_tabs_item][dipi_advanced_tabs_item title=&#8220;T6&#8243; _builder_version=&#8220;4.24.2&#8243; _module_preset=&#8220;default&#8220; title_font=&#8220;|700||on|||||&#8220; title_text_color=&#8220;gcid-5bb8bbae-64e2-42dd-a614-e8fbea0b29dd&#8220; title_font_size=&#8220;18px&#8220; title_letter_spacing=&#8220;1px&#8220; custom_padding=&#8220;20px|20px|20px|20px|false|false&#8220; border_radii=&#8220;on|30px|30px|30px|30px&#8220; border_radii_image=&#8220;on|30px|30px|30px|30px&#8220; border_radii_tab_image=&#8220;on|30px|30px|30px|30px&#8220; border_radii_tab_image_active=&#8220;on|30px|30px|30px|30px&#8220; global_colors_info=&#8220;{%22gcid-5bb8bbae-64e2-42dd-a614-e8fbea0b29dd%22:%91%22title_text_color%22%93}&#8220;]<\/p>\n<p><strong>Beschreibung<\/strong><\/p>\n<p><span>Meist weglos, Kletterpassagen bis II. Oftmals sehr exponiert, mit zarten Felsen durchsetzte H\u00e4nge. Schneefreie Gletscher mit Rutschgefahr.<\/span><br \/><span>In der Regel nicht markiert.<\/span><\/p>\n<p><strong>Forderungen<\/strong><\/p>\n<p><span>Ausgezeichnete Orientierungsf\u00e4higkeit. Nachgewiesene alpine Erfahrung und Erfahrung im Umgang mit technischem Bergsteigermaterial.<\/span><\/p>\n<p>[\/dipi_advanced_tabs_item][\/dipi_advanced_tabs][\/et_pb_column][\/et_pb_row][et_pb_row column_structure=&#8220;2_5,3_5&#8243; make_equal=&#8220;on&#8220; _builder_version=&#8220;4.23.1&#8243; _module_preset=&#8220;default&#8220; global_module=&#8220;539&#8243; global_colors_info=&#8220;{}&#8220;][et_pb_column type=&#8220;2_5&#8243; _builder_version=&#8220;4.23.1&#8243; _module_preset=&#8220;default&#8220; custom_css_main_element=&#8220;align-self: center;&#8220; global_colors_info=&#8220;{}&#8220;][et_pb_image src=&#8220;https:\/\/celliers.ch\/wp-content\/uploads\/2024\/01\/rabais-commande-vins-valais.png&#8220; alt=&#8220;Rabatt auf Weinbestellungen im Wallis&#8220; title_text=&#8220;Rabatt auf Weinbestellungen im Wallis&#8220; url=&#8220;https:\/\/shop.celliers.ch&#8220; url_new_window=&#8220;on&#8220; _builder_version=&#8220;4.23.1&#8243; _module_preset=&#8220;default&#8220; max_width_tablet=&#8220;50%&#8220; max_width_phone=&#8220;50%&#8220; max_width_last_edited=&#8220;on|phone&#8220; module_alignment_tablet=&#8220;center&#8220; module_alignment_phone=&#8220;center&#8220; module_alignment_last_edited=&#8220;on|tablet&#8220; global_colors_info=&#8220;{}&#8220;][\/et_pb_image][\/et_pb_column][et_pb_column type=&#8220;3_5&#8243; _builder_version=&#8220;4.23.1&#8243; _module_preset=&#8220;default&#8220; custom_css_main_element=&#8220;align-self: center;&#8220; global_colors_info=&#8220;{}&#8220;][et_pb_text _builder_version=&#8220;4.23.1&#8243; _module_preset=&#8220;bf60d947-3f90-4402-8aff-3b2baae28d03&#8243; global_colors_info=&#8220;{}&#8220;]<\/p>\n<p>Kombinieren und genie\u00dfen Sie<\/p>\n<p>[\/et_pb_text][et_pb_text _builder_version=&#8220;4.23.1&#8243; _module_preset=&#8220;default&#8220; global_colors_info=&#8220;{}&#8220;]<\/p>\n<h2>10% auf Ihre Weinbestellung<\/h2>\n<p>[\/et_pb_text][et_pb_text _builder_version=&#8220;4.23.1&#8243; _module_preset=&#8220;default&#8220; global_colors_info=&#8220;{}&#8220;]Jede Teilnahme an einer unserer Weintourismus-Aktivit\u00e4ten berechtigt Sie zu einem Rabatt von 10% auf Ihre Weinbestellung am Tag Ihres Besuchs.[\/et_pb_text][et_pb_button button_url=&#8220;https:\/\/shop.celliers.ch&#8220; url_new_window=&#8220;on&#8220; button_text=&#8220;Shop ansehen&#8220; _builder_version=&#8220;4.23.1&#8243; _module_preset=&#8220;default&#8220; global_colors_info=&#8220;{}&#8220;][\/et_pb_button][\/et_pb_column][\/et_pb_row][\/et_pb_section]<\/p>\n","protected":false},"excerpt":{"rendered":"<p>Im Zusammenhang mit sportlichen Aktivit\u00e4ten in den Bergen sind verschiedene Schwierigkeitsskalen wurden festgelegt. Diese Angaben werden je nach Disziplin (Schneeschuhwandern, Skifahren, Snowboarden, Bergwandern, Bergsteigen oder Klettern) gemacht und geben Aufschluss \u00fcber die Eigenschaften und Bedingungen eines Gel\u00e4ndes. Bei Celliers de Sion finden unsere Aktivit\u00e4ten im Freien auf einem markierten Weg im Herzen unseres Weinbergs Clavau [&hellip;]<\/p>\n","protected":false},"author":2,"featured_media":23945696,"parent":0,"menu_order":0,"comment_status":"closed","ping_status":"closed","template":"","meta":{"_acf_changed":false,"_et_pb_use_builder":"on","_et_pb_old_content":"","_et_gb_content_width":"","footnotes":""},"dipi_cpt_category":[],"class_list":["post-23946022","page","type-page","status-publish","has-post-thumbnail","hentry"],"acf":[],"_links":{"self":[{"href":"https:\/\/celliers.ch\/de\/wp-json\/wp\/v2\/pages\/23946022","targetHints":{"allow":["GET"]}}],"collection":[{"href":"https:\/\/celliers.ch\/de\/wp-json\/wp\/v2\/pages"}],"about":[{"href":"https:\/\/celliers.ch\/de\/wp-json\/wp\/v2\/types\/page"}],"author":[{"embeddable":true,"href":"https:\/\/celliers.ch\/de\/wp-json\/wp\/v2\/users\/2"}],"replies":[{"embeddable":true,"href":"https:\/\/celliers.ch\/de\/wp-json\/wp\/v2\/comments?post=23946022"}],"version-history":[{"count":11,"href":"https:\/\/celliers.ch\/de\/wp-json\/wp\/v2\/pages\/23946022\/revisions"}],"predecessor-version":[{"id":23948802,"href":"https:\/\/celliers.ch\/de\/wp-json\/wp\/v2\/pages\/23946022\/revisions\/23948802"}],"wp:featuredmedia":[{"embeddable":true,"href":"https:\/\/celliers.ch\/de\/wp-json\/wp\/v2\/media\/23945696"}],"wp:attachment":[{"href":"https:\/\/celliers.ch\/de\/wp-json\/wp\/v2\/media?parent=23946022"}],"wp:term":[{"taxonomy":"dipi_cpt_category","embeddable":true,"href":"https:\/\/celliers.ch\/de\/wp-json\/wp\/v2\/dipi_cpt_category?post=23946022"}],"curies":[{"name":"wp","href":"https:\/\/api.w.org\/{rel}","templated":true}]}}