{"id":23946144,"date":"2024-04-15T15:48:33","date_gmt":"2024-04-15T13:48:33","guid":{"rendered":"https:\/\/celliers.ch\/ruckzahlungsbedingungen\/"},"modified":"2024-07-18T12:40:35","modified_gmt":"2024-07-18T10:40:35","slug":"ruckzahlungsbedingungen","status":"publish","type":"page","link":"https:\/\/celliers.ch\/de\/ruckzahlungsbedingungen\/","title":{"rendered":"Bedingungen f\u00fcr die R\u00fcckerstattung"},"content":{"rendered":"<p>[et_pb_section fb_built=&#8220;1&#8243; _builder_version=&#8220;4.24.2&#8243; _module_preset=&#8220;default&#8220; global_colors_info=&#8220;{}&#8220;][et_pb_row _builder_version=&#8220;4.24.2&#8243; _module_preset=&#8220;default&#8220; global_colors_info=&#8220;{}&#8220;][et_pb_column type=&#8220;4_4&#8243; _builder_version=&#8220;4.24.2&#8243; _module_preset=&#8220;default&#8220; global_colors_info=&#8220;{}&#8220;][et_pb_text _builder_version=&#8220;4.24.2&#8243; _module_preset=&#8220;default&#8220; hover_enabled=&#8220;0&#8243; global_colors_info=&#8220;{}&#8220; sticky_enabled=&#8220;0&#8243;]<\/p>\n<p>F\u00fcr m\u00f6gliche R\u00fcckerstattungen haben Sie folgende M\u00f6glichkeiten:<\/p>\n<ol>\n<li>Sie erhalten eine volle R\u00fcckerstattung, wenn Sie min. stornieren. 72 Stunden im Voraus bei schlechtem Wetter (unpassierbare Wege), Unf\u00e4llen oder Krankheit.<\/li>\n<li>Sie erhalten eine teilweise R\u00fcckerstattung, wenn Sie 24 Stunden im Voraus stornieren.<\/li>\n<li>Es werden keine R\u00fcckerstattungen am selben Tag oder nach dem Datum vorgenommen.<\/li>\n<\/ol>\n<p>Alle Erstattungsantr\u00e4ge m\u00fcssen per E-Mail an folgende Adresse gestellt werden <a data-enc-email=\"erfreingvba[at]pryyvref.pu\" class=\"mail-link\" data-wpel-link=\"ignore\"><span id=\"eeb-128446-896149\">reservation@celliers.ch<\/span><\/a>.<\/p>\n<p>Wenn Sie eine oder mehrere Personen zu Ihrer Buchung hinzuf\u00fcgen m\u00f6chten, kontaktieren Sie uns bitte per E-Mail unter <a data-enc-email=\"erfreingvba[at]pryyvref.pu\" class=\"mail-link\" data-wpel-link=\"ignore\"><span id=\"eeb-944483-770419\">reservation@celliers.ch<\/span><\/a><\/p>\n<p>[\/et_pb_text][\/et_pb_column][\/et_pb_row][\/et_pb_section]<\/p>\n","protected":false},"excerpt":{"rendered":"<p>F\u00fcr m\u00f6gliche R\u00fcckerstattungen haben Sie folgende M\u00f6glichkeiten: Sie erhalten eine volle R\u00fcckerstattung, wenn Sie min. stornieren. 72 Stunden im Voraus bei schlechtem Wetter (unpassierbare Wege), Unf\u00e4llen oder Krankheit. Sie erhalten eine teilweise R\u00fcckerstattung, wenn Sie 24 Stunden im Voraus stornieren. Es werden keine R\u00fcckerstattungen am selben Tag oder nach dem Datum vorgenommen. Alle Erstattungsantr\u00e4ge m\u00fcssen [&hellip;]<\/p>\n","protected":false},"author":2,"featured_media":0,"parent":0,"menu_order":0,"comment_status":"closed","ping_status":"closed","template":"","meta":{"_acf_changed":false,"_et_pb_use_builder":"on","_et_pb_old_content":"","_et_gb_content_width":"","footnotes":""},"dipi_cpt_category":[],"class_list":["post-23946144","page","type-page","status-publish","hentry"],"acf":[],"_links":{"self":[{"href":"https:\/\/celliers.ch\/de\/wp-json\/wp\/v2\/pages\/23946144","targetHints":{"allow":["GET"]}}],"collection":[{"href":"https:\/\/celliers.ch\/de\/wp-json\/wp\/v2\/pages"}],"about":[{"href":"https:\/\/celliers.ch\/de\/wp-json\/wp\/v2\/types\/page"}],"author":[{"embeddable":true,"href":"https:\/\/celliers.ch\/de\/wp-json\/wp\/v2\/users\/2"}],"replies":[{"embeddable":true,"href":"https:\/\/celliers.ch\/de\/wp-json\/wp\/v2\/comments?post=23946144"}],"version-history":[{"count":2,"href":"https:\/\/celliers.ch\/de\/wp-json\/wp\/v2\/pages\/23946144\/revisions"}],"predecessor-version":[{"id":23948833,"href":"https:\/\/celliers.ch\/de\/wp-json\/wp\/v2\/pages\/23946144\/revisions\/23948833"}],"wp:attachment":[{"href":"https:\/\/celliers.ch\/de\/wp-json\/wp\/v2\/media?parent=23946144"}],"wp:term":[{"taxonomy":"dipi_cpt_category","embeddable":true,"href":"https:\/\/celliers.ch\/de\/wp-json\/wp\/v2\/dipi_cpt_category?post=23946144"}],"curies":[{"name":"wp","href":"https:\/\/api.w.org\/{rel}","templated":true}]}}