{"id":23946342,"date":"2023-10-10T10:32:09","date_gmt":"2023-10-10T08:32:09","guid":{"rendered":"https:\/\/celliers.ch\/startseite\/"},"modified":"2026-03-02T09:35:18","modified_gmt":"2026-03-02T08:35:18","slug":"startseite","status":"publish","type":"page","link":"https:\/\/celliers.ch\/de\/","title":{"rendered":"Startseite"},"content":{"rendered":"<p>[et_pb_section fb_built=&#8220;1&#8243; custom_padding_last_edited=&#8220;on|phone&#8220; _builder_version=&#8220;4.25.0&#8243; _module_preset=&#8220;default&#8220; custom_margin=&#8220;||||false|false&#8220; custom_padding=&#8220;1em||||false|false&#8220; custom_padding_tablet=&#8220;1em||||false|false&#8220; custom_padding_phone=&#8220;1em||||false|false&#8220; global_colors_info=&#8220;{}&#8220;][et_pb_row column_structure=&#8220;2_3,1_3&#8243; _builder_version=&#8220;4.22.2&#8243; _module_preset=&#8220;default&#8220; global_colors_info=&#8220;{}&#8220;][et_pb_column type=&#8220;2_3&#8243; _builder_version=&#8220;4.22.2&#8243; _module_preset=&#8220;default&#8220; global_colors_info=&#8220;{}&#8220;][et_pb_text _builder_version=&#8220;4.27.4&#8243; _module_preset=&#8220;bf60d947-3f90-4402-8aff-3b2baae28d03&#8243; global_colors_info=&#8220;{}&#8220;]<\/p>\n<p>Les Celliers de Sion<\/p>\n<p>[\/et_pb_text][et_pb_text module_class=&#8220;grappe&#8220; _builder_version=&#8220;4.27.4&#8243; _module_preset=&#8220;default&#8220; global_colors_info=&#8220;{}&#8220;]<\/p>\n<h2>Der erste \u0152noparc<br \/>im Herzen des Wallis<\/h2>\n<p>[\/et_pb_text][et_pb_button button_url=&#8220;https:\/\/celliers.ch\/de\/kontakt\/#horairesfetes&#8220; button_text=&#8220;Entdecken Sie unsere \u00d6ffnungszeiten f\u00fcr die Feiertage zum Jahresende&#8220; disabled_on=&#8220;on|on|on&#8220; _builder_version=&#8220;4.27.3&#8243; _module_preset=&#8220;default&#8220; disabled=&#8220;on&#8220; global_colors_info=&#8220;{}&#8220;][\/et_pb_button][et_pb_image src=&#8220;https:\/\/celliers.ch\/wp-content\/uploads\/2023\/10\/oenoparc-celliers-de-sion.jpg&#8220; alt=&#8220;Oenoparc Les Celliers de Sion&#8220; title_text=&#8220;Oenoparc Les Celliers de Sion&#8220; _builder_version=&#8220;4.22.2&#8243; _module_preset=&#8220;default&#8220; global_colors_info=&#8220;{}&#8220;][\/et_pb_image][\/et_pb_column][et_pb_column type=&#8220;1_3&#8243; _builder_version=&#8220;4.22.2&#8243; _module_preset=&#8220;default&#8220; global_colors_info=&#8220;{}&#8220;][et_pb_image src=&#8220;https:\/\/celliers.ch\/wp-content\/uploads\/2023\/10\/degustation-vin-valais-sion.jpg&#8220; alt=&#8220;Verkostung von Walliser Weinen&#8220; title_text=&#8220;Verkostung von Walliser Weinen&#8220; disabled_on=&#8220;on|on|off&#8220; _builder_version=&#8220;4.24.2&#8243; _module_preset=&#8220;default&#8220; global_colors_info=&#8220;{}&#8220;][\/et_pb_image][et_pb_text _builder_version=&#8220;4.27.4&#8243; _module_preset=&#8220;default&#8220; global_colors_info=&#8220;{}&#8220;]<\/p>\n<p><strong>Die Celliers de Sion<\/strong> sind das Zusammentreffen von zwei Fertigkeiten und zwei Traditionen. Die Geschichte einer Freundschaft zwischen zwei Familien, den H\u00e4usern <a href=\"https:\/\/celliers.ch\/de\/uber-uns\/#histoire-bonvin\">Bonvin 1858<\/a> und <a href=\"https:\/\/celliers.ch\/de\/uber-uns\/#histoire-varone\">Varone Vins<\/a>, und einer Partnerschaft, die im Respekt vor der Identit\u00e4t jedes Einzelnen entwickelt wurde.<\/p>\n<p>[\/et_pb_text][et_pb_button button_url=&#8220;@ET-DC@eyJkeW5hbWljIjp0cnVlLCJjb250ZW50IjoicG9zdF9saW5rX3VybF9wYWdlIiwic2V0dGluZ3MiOnsicG9zdF9pZCI6IjMwIn19@&#8220; button_text=&#8220;Entdecken Sie den Oenoparc&#8220; _builder_version=&#8220;4.27.4&#8243; _dynamic_attributes=&#8220;button_url&#8220; _module_preset=&#8220;default&#8220; custom_margin=&#8220;||5px||false|false&#8220; global_colors_info=&#8220;{%22gcid-5bb8bbae-64e2-42dd-a614-e8fbea0b29dd%22:%91%22button_text_color%22,%22button_icon_color%22%93}&#8220; custom_css_main_element__hover_enabled=&#8220;off|hover&#8220; button_bg_enable_color__hover=&#8220;on&#8220;][\/et_pb_button][et_pb_button button_url=&#8220;https:\/\/youtu.be\/8b1nMNWN3ao?si=kYMzL3q-aUE8WJQv&#8220; button_text=&#8220;Der Oenoparc auf Video&#8220; _builder_version=&#8220;4.27.4&#8243; _module_preset=&#8220;default&#8220; hover_enabled=&#8220;0&#8243; global_colors_info=&#8220;{%22gcid-5bb8bbae-64e2-42dd-a614-e8fbea0b29dd%22:%91%22button_text_color%22,%22button_icon_color%22%93}&#8220; custom_css_main_element__hover_enabled=&#8220;off|hover&#8220; button_bg_enable_color__hover=&#8220;on&#8220; sticky_enabled=&#8220;0&#8243;][\/et_pb_button][\/et_pb_column][\/et_pb_row][et_pb_row custom_padding_last_edited=&#8220;on|phone&#8220; _builder_version=&#8220;4.25.0&#8243; _module_preset=&#8220;default&#8220; custom_margin_tablet=&#8220;||||false|false&#8220; custom_margin_phone=&#8220;||||false|false&#8220; custom_margin_last_edited=&#8220;on|tablet&#8220; custom_padding_tablet=&#8220;||0px||false|false&#8220; custom_padding_phone=&#8220;||0px||false|false&#8220; global_colors_info=&#8220;{}&#8220;][et_pb_column type=&#8220;4_4&#8243; _builder_version=&#8220;4.23.1&#8243; _module_preset=&#8220;default&#8220; global_colors_info=&#8220;{}&#8220;][dipi_carousel container_padding=&#8220;0px|0px|0px|0px|false|true&#8220; autoplay_wide=&#8220;on&#8220; pause_on_hover_wide=&#8220;on&#8220; autoplay_speed_wide=&#8220;3000&#8243; autoplay_mid=&#8220;on&#8220; pause_on_hover_mid=&#8220;on&#8220; autoplay_speed_mid=&#8220;3000&#8243; autoplay_small=&#8220;on&#8220; pause_on_hover_small=&#8220;on&#8220; autoplay_speed_small=&#8220;3000&#8243; navigation=&#8220;off&#8220; pagination=&#8220;on&#8220; dynamic_bullets=&#8220;off&#8220; navigation_position_left=&#8220;-40px&#8220; navigation_position_right=&#8220;-40px&#8220; pagination_position=&#8220;-10&#8243; pagination_color=&#8220;#000000&#8243; columns_last_edited=&#8220;off|desktop&#8220; navigation_position_left_tablet=&#8220;-50px&#8220; navigation_position_left_phone=&#8220;-50px&#8220; navigation_position_left_last_edited=&#8220;on|phone&#8220; navigation_position_right_tablet=&#8220;-50px&#8220; navigation_position_right_phone=&#8220;-50px&#8220; navigation_position_right_last_edited=&#8220;on|desktop&#8220; _builder_version=&#8220;4.27.4&#8243; _module_preset=&#8220;default&#8220; global_module=&#8220;23949963&#8243; saved_tabs=&#8220;all&#8220; global_colors_info=&#8220;{}&#8220;][dipi_carousel_child type=&#8220;divi_library&#8220; divi_library_id=&#8220;214&#8243; _builder_version=&#8220;4.24.2&#8243; _module_preset=&#8220;default&#8220; global_colors_info=&#8220;{}&#8220;][\/dipi_carousel_child][dipi_carousel_child type=&#8220;divi_library&#8220; divi_library_id=&#8220;23945153&#8243; _builder_version=&#8220;4.24.2&#8243; _module_preset=&#8220;default&#8220; global_colors_info=&#8220;{}&#8220;][\/dipi_carousel_child][dipi_carousel_child type=&#8220;divi_library&#8220; divi_library_id=&#8220;23945171&#8243; _builder_version=&#8220;4.24.2&#8243; _module_preset=&#8220;default&#8220; global_colors_info=&#8220;{}&#8220;][\/dipi_carousel_child][dipi_carousel_child type=&#8220;divi_library&#8220; divi_library_id=&#8220;23945176&#8243; _builder_version=&#8220;4.27.4&#8243; _module_preset=&#8220;default&#8220; global_colors_info=&#8220;{}&#8220;][\/dipi_carousel_child][\/dipi_carousel][\/et_pb_column][\/et_pb_row][\/et_pb_section][et_pb_section fb_built=&#8220;1&#8243; _builder_version=&#8220;4.23.1&#8243; _module_preset=&#8220;default&#8220; background_color=&#8220;#FFFFFF&#8220; global_colors_info=&#8220;{}&#8220;][et_pb_row column_structure=&#8220;2_3,1_3&#8243; use_custom_gutter=&#8220;on&#8220; _builder_version=&#8220;4.24.2&#8243; _module_preset=&#8220;default&#8220; global_colors_info=&#8220;{}&#8220;][et_pb_column type=&#8220;2_3&#8243; _builder_version=&#8220;4.24.2&#8243; _module_preset=&#8220;default&#8220; global_colors_info=&#8220;{}&#8220;][et_pb_text _builder_version=&#8220;4.23.1&#8243; _module_preset=&#8220;bf60d947-3f90-4402-8aff-3b2baae28d03&#8243; locked=&#8220;off&#8220; global_colors_info=&#8220;{}&#8220;]<\/p>\n<p>Zu entdecken<\/p>\n<p>[\/et_pb_text][et_pb_text _builder_version=&#8220;4.23.1&#8243; _module_preset=&#8220;default&#8220; locked=&#8220;off&#8220; global_colors_info=&#8220;{}&#8220;]<\/p>\n<h2>Unsere Aktivit\u00e4ten rund um den Wein<\/h2>\n<p>[\/et_pb_text][et_pb_text _builder_version=&#8220;4.24.2&#8243; _module_preset=&#8220;default&#8220; locked=&#8220;off&#8220; global_colors_info=&#8220;{}&#8220;]<\/p>\n<p><span>Entdecken Sie <strong>die Welt des Weins im Wallis<\/strong> mit unseren <strong>Weintourismus-Aktivit\u00e4ten<\/strong>. Im Sommer k\u00f6nnen Sie zu Fu\u00df oder mit dem Fahrrad durch die Weinberge wandern oder radeln, auf eigene Faust oder mit einem F\u00fchrer.  <\/span><\/p>\n<p><span>F\u00fcr ein Indoor-Erlebnis bieten Ihnen <strong>unsere<\/strong> <strong>Weinproben<\/strong> die M\u00f6glichkeit, eine Auswahl an <strong>Walliser Weinen<\/strong> zu genie\u00dfen, gef\u00fchrt von unseren passionierten Experten oder auf eigene Faust. Was auch immer Sie bevorzugen, tauchen Sie ein in ein unvergessliches Weinabenteuer.<\/span><\/p>\n<p>[\/et_pb_text][\/et_pb_column][et_pb_column type=&#8220;1_3&#8243; _builder_version=&#8220;4.24.2&#8243; _module_preset=&#8220;default&#8220; global_colors_info=&#8220;{}&#8220;][et_pb_blurb title=&#8220;Outdoor&#8220; url=&#8220;https:\/\/celliers.ch\/de\/aktivitaten\/?dipi-fg-tab-ids=1&#8243; use_icon=&#8220;on&#8220; font_icon=&#8220;&#xf6ec;||fa||900&#8243; icon_placement=&#8220;left&#8220; image_icon_width=&#8220;22px&#8220; _builder_version=&#8220;4.25.0&#8243; _module_preset=&#8220;default&#8220; header_level=&#8220;h3&#8243; header_font=&#8220;|||on|||||&#8220; background_color=&#8220;gcid-0dff4b6b-7044-48b4-9350-d7865fdc9d61&#8243; image_icon_custom_margin=&#8220;||||false|false&#8220; image_icon_custom_padding=&#8220;||||false|false&#8220; custom_margin=&#8220;||0px||false|false&#8220; custom_padding=&#8220;25px|20px|20px|20px|false|false&#8220; animation=&#8220;off&#8220; border_radii=&#8220;off|20px|20px||&#8220; global_colors_info=&#8220;{%22gcid-0dff4b6b-7044-48b4-9350-d7865fdc9d61%22:%91%22background_color%22%93}&#8220;][\/et_pb_blurb][et_pb_blurb title=&#8220;Indoor&#8220; url=&#8220;https:\/\/celliers.ch\/de\/aktivitaten\/?dipi-fg-tab-ids=2&#8243; use_icon=&#8220;on&#8220; font_icon=&#8220;&#xf79f;||fa||900&#8243; icon_placement=&#8220;left&#8220; image_icon_width=&#8220;22px&#8220; _builder_version=&#8220;4.25.0&#8243; _module_preset=&#8220;default&#8220; header_level=&#8220;h3&#8243; header_font=&#8220;|||on|||||&#8220; background_color=&#8220;gcid-0dff4b6b-7044-48b4-9350-d7865fdc9d61&#8243; image_icon_custom_margin=&#8220;||||false|false&#8220; image_icon_custom_padding=&#8220;||||false|false&#8220; custom_margin=&#8220;||0px||false|false&#8220; custom_padding=&#8220;20px|20px|20px|20px|true|false&#8220; animation=&#8220;off&#8220; global_colors_info=&#8220;{%22gcid-0dff4b6b-7044-48b4-9350-d7865fdc9d61%22:%91%22background_color%22%93}&#8220;][\/et_pb_blurb][et_pb_blurb title=&#8220;Mehr als 10 Personen&#8220; url=&#8220;https:\/\/celliers.ch\/de\/aktivitaten\/?dipi-fg-tab-ids=3&#8243; use_icon=&#8220;on&#8220; font_icon=&#8220;&#xf0c0;||fa||900&#8243; icon_placement=&#8220;left&#8220; image_icon_width=&#8220;22px&#8220; _builder_version=&#8220;4.25.0&#8243; _module_preset=&#8220;default&#8220; header_level=&#8220;h3&#8243; header_font=&#8220;|||on|||||&#8220; background_color=&#8220;gcid-0dff4b6b-7044-48b4-9350-d7865fdc9d61&#8243; image_icon_custom_margin=&#8220;||||false|false&#8220; image_icon_custom_padding=&#8220;||||false|false&#8220; custom_margin=&#8220;||0px||false|false&#8220; custom_padding=&#8220;20px|20px|20px|20px|true|false&#8220; animation=&#8220;off&#8220; global_colors_info=&#8220;{%22gcid-0dff4b6b-7044-48b4-9350-d7865fdc9d61%22:%91%22background_color%22%93}&#8220;][\/et_pb_blurb][et_pb_blurb title=&#8220;Weniger als 10 Personen&#8220; url=&#8220;https:\/\/celliers.ch\/de\/aktivitaten\/?dipi-fg-tab-ids=4&#8243; use_icon=&#8220;on&#8220; font_icon=&#8220;&#xf500;||fa||900&#8243; icon_placement=&#8220;left&#8220; image_icon_width=&#8220;22px&#8220; _builder_version=&#8220;4.25.0&#8243; _module_preset=&#8220;default&#8220; header_level=&#8220;h3&#8243; header_font=&#8220;|||on|||||&#8220; background_color=&#8220;gcid-0dff4b6b-7044-48b4-9350-d7865fdc9d61&#8243; image_icon_custom_margin=&#8220;||||false|false&#8220; image_icon_custom_padding=&#8220;||||false|false&#8220; custom_margin=&#8220;||0px||false|false&#8220; custom_padding=&#8220;20px|20px|25px|20px|false|false&#8220; animation=&#8220;off&#8220; border_radii=&#8220;off|||20px|20px&#8220; global_colors_info=&#8220;{%22gcid-0dff4b6b-7044-48b4-9350-d7865fdc9d61%22:%91%22background_color%22%93}&#8220;][\/et_pb_blurb][\/et_pb_column][\/et_pb_row][et_pb_row _builder_version=&#8220;4.23.1&#8243; _module_preset=&#8220;default&#8220; global_colors_info=&#8220;{}&#8220;][et_pb_column type=&#8220;4_4&#8243; _builder_version=&#8220;4.23.1&#8243; _module_preset=&#8220;default&#8220; global_colors_info=&#8220;{}&#8220;][dipi_blog_slider select_post_type=&#8220;page&#8220; select_custom_tax=&#8220;dipi_cpt_category&#8220; include_term_ids_of_dipi_cpt_category=&#8220;12,11&#8243; use_thumbnails=&#8220;on&#8220; image_size=&#8220;et-pb-portfolio-image&#8220; autoplay_speed=&#8220;5000&#8243; navigation=&#8220;on&#8220; _builder_version=&#8220;4.27.4&#8243; _module_preset=&#8220;804936f9-9987-4eb7-ba79-c3d981b25ccf&#8220; global_colors_info=&#8220;{}&#8220;][\/dipi_blog_slider][\/et_pb_column][\/et_pb_row][\/et_pb_section][et_pb_section fb_built=&#8220;1&#8243; _builder_version=&#8220;4.23.1&#8243; _module_preset=&#8220;default&#8220; global_colors_info=&#8220;{}&#8220;][et_pb_row column_structure=&#8220;3_5,2_5&#8243; _builder_version=&#8220;4.24.2&#8243; _module_preset=&#8220;default&#8220; link_option_url=&#8220;https:\/\/celliers.ch\/de\/veranstaltungen\/&#8220; global_colors_info=&#8220;{}&#8220;][et_pb_column type=&#8220;3_5&#8243; _builder_version=&#8220;4.23.1&#8243; _module_preset=&#8220;default&#8220; global_colors_info=&#8220;{}&#8220;][dipi_floating_multi_images fmi_height_tablet=&#8220;400px&#8220; fmi_height_phone=&#8220;210px&#8220; fmi_height_last_edited=&#8220;on|phone&#8220; _builder_version=&#8220;4.25.0&#8243; _module_preset=&#8220;default&#8220; global_colors_info=&#8220;{}&#8220;][dipi_floating_multi_images_child item_label=&#8220;bisse gourmand&#8220; img_src=&#8220;https:\/\/celliers.ch\/wp-content\/uploads\/2024\/01\/bisse-gourmand.jpg&#8220; img_alt=&#8220;bisse gourmand wallis&#8220; fmi_speed=&#8220;7000ms&#8220; _builder_version=&#8220;4.23.1&#8243; _module_preset=&#8220;default&#8220; width=&#8220;35%&#8220; border_width_all_item=&#8220;3px&#8220; border_color_all_item=&#8220;#FFFFFF&#8220; box_shadow_style=&#8220;preset1&#8243; box_shadow_blur=&#8220;30px&#8220; global_colors_info=&#8220;{}&#8220;][\/dipi_floating_multi_images_child][dipi_floating_multi_images_child item_label=&#8220;tavolata&#8220; img_src=&#8220;https:\/\/celliers.ch\/wp-content\/uploads\/2024\/01\/Tavolata.jpg&#8220; horizontal_position=&#8220;30%&#8220; vertical_position=&#8220;9%&#8220; _builder_version=&#8220;4.23.1&#8243; _module_preset=&#8220;default&#8220; width=&#8220;35%&#8220; border_width_all_item=&#8220;3px&#8220; border_color_all_item=&#8220;#FFFFFF&#8220; box_shadow_style=&#8220;preset1&#8243; box_shadow_blur=&#8220;30px&#8220; global_colors_info=&#8220;{}&#8220;][\/dipi_floating_multi_images_child][dipi_floating_multi_images_child item_label=&#8220;portes ouvertes&#8220; img_src=&#8220;https:\/\/celliers.ch\/wp-content\/uploads\/2024\/01\/Portes-ouvertes.jpg&#8220; horizontal_position=&#8220;62%&#8220; fmi_speed=&#8220;7000ms&#8220; _builder_version=&#8220;4.23.1&#8243; _module_preset=&#8220;default&#8220; width=&#8220;35%&#8220; border_width_all_item=&#8220;3px&#8220; border_color_all_item=&#8220;#FFFFFF&#8220; box_shadow_style=&#8220;preset1&#8243; box_shadow_blur=&#8220;30px&#8220; global_colors_info=&#8220;{}&#8220;][\/dipi_floating_multi_images_child][\/dipi_floating_multi_images][\/et_pb_column][et_pb_column type=&#8220;2_5&#8243; _builder_version=&#8220;4.23.1&#8243; _module_preset=&#8220;default&#8220; global_colors_info=&#8220;{}&#8220;][et_pb_text _builder_version=&#8220;4.27.4&#8243; _module_preset=&#8220;bf60d947-3f90-4402-8aff-3b2baae28d03&#8243; locked=&#8220;off&#8220; global_colors_info=&#8220;{}&#8220;]<\/p>\n<p>Zu entdecken<\/p>\n<p>[\/et_pb_text][et_pb_text _builder_version=&#8220;4.23.1&#8243; _module_preset=&#8220;default&#8220; locked=&#8220;off&#8220; global_colors_info=&#8220;{}&#8220;]<\/p>\n<h2>Unsere Veranstaltungen<\/h2>\n<p>[\/et_pb_text][et_pb_text _builder_version=&#8220;4.24.2&#8243; _module_preset=&#8220;default&#8220; locked=&#8220;off&#8220; global_colors_info=&#8220;{}&#8220;]<\/p>\n<p><span>Entdecken Sie unsere einzigartigen Weinveranstaltungen <strong>im Herzen des Wallis<\/strong>. Erleben Sie den Reichtum der lokalen Rebsorten bei Weinproben, Spazierg\u00e4ngen durch die Weinberge und anderen Weinerlebnissen, die das ganze Jahr \u00fcber organisiert werden.<\/span><\/p>\n<p>[\/et_pb_text][et_pb_button button_url=&#8220;https:\/\/celliers.ch\/de\/veranstaltungen\/&#8220; button_text=&#8220;Weitere Informationen&#8220; _builder_version=&#8220;4.24.2&#8243; _module_preset=&#8220;default&#8220; locked=&#8220;off&#8220; global_colors_info=&#8220;{%22gcid-5bb8bbae-64e2-42dd-a614-e8fbea0b29dd%22:%91%22button_text_color%22,%22button_icon_color%22%93}&#8220; custom_css_main_element__hover_enabled=&#8220;off|hover&#8220; button_bg_enable_color__hover=&#8220;on&#8220;][\/et_pb_button][\/et_pb_column][\/et_pb_row][\/et_pb_section][et_pb_section fb_built=&#8220;1&#8243; _builder_version=&#8220;4.23.1&#8243; _module_preset=&#8220;default&#8220; global_module=&#8220;23952462&#8243; saved_tabs=&#8220;all&#8220; global_colors_info=&#8220;{}&#8220;][et_pb_row column_structure=&#8220;1_4,3_4&#8243; _builder_version=&#8220;4.24.2&#8243; _module_preset=&#8220;default&#8220; link_option_url=&#8220;https:\/\/celliers.ch\/de\/veranstaltungen\/&#8220; global_colors_info=&#8220;{}&#8220;][et_pb_column type=&#8220;1_4&#8243; _builder_version=&#8220;4.23.1&#8243; _module_preset=&#8220;default&#8220; global_colors_info=&#8220;{}&#8220;][et_pb_text _builder_version=&#8220;4.27.4&#8243; _module_preset=&#8220;bf60d947-3f90-4402-8aff-3b2baae28d03&#8243; locked=&#8220;off&#8220; global_colors_info=&#8220;{}&#8220;]<\/p>\n<p>ZU LESEN<\/p>\n<p>[\/et_pb_text][et_pb_text module_class=&#8220;grappe&#8220; _builder_version=&#8220;4.27.4&#8243; _module_preset=&#8220;default&#8220; locked=&#8220;off&#8220; global_colors_info=&#8220;{}&#8220;]<\/p>\n<h2>Wein-Nachrichten<\/h2>\n<p>[\/et_pb_text][et_pb_text _builder_version=&#8220;4.27.4&#8243; _module_preset=&#8220;default&#8220; locked=&#8220;off&#8220; global_colors_info=&#8220;{}&#8220;]<\/p>\n<p>Entdecken Sie die neuesten Nachrichten \u00fcber die Celliers de Sion. Von unseren au\u00dfergew\u00f6hnlichen Cuv\u00e9es \u00fcber unser reiches Erbe und die K\u00f6stlichkeiten unserer K\u00fcche bis hin zu den kommenden Veranstaltungen &#8211; bleiben Sie auf dem Laufenden \u00fcber alles, was unser Weingut im Laufe der Jahreszeiten zum Leben erweckt. <\/p>\n<p>[\/et_pb_text][et_pb_button button_url=&#8220;https:\/\/celliers.ch\/de\/nachrichten\/&#8220; button_text=&#8220;Alle Nachrichten&#8220; _builder_version=&#8220;4.27.4&#8243; _module_preset=&#8220;default&#8220; locked=&#8220;off&#8220; global_colors_info=&#8220;{%22gcid-5bb8bbae-64e2-42dd-a614-e8fbea0b29dd%22:%91%22button_text_color%22,%22button_icon_color%22%93}&#8220; custom_css_main_element__hover_enabled=&#8220;off|hover&#8220; button_bg_enable_color__hover=&#8220;on&#8220;][\/et_pb_button][\/et_pb_column][et_pb_column type=&#8220;3_4&#8243; _builder_version=&#8220;4.23.1&#8243; _module_preset=&#8220;default&#8220; global_colors_info=&#8220;{}&#8220;][dipi_blog_slider include_categories=&#8220;59,57,29,58,56&#8243; card_clickable=&#8220;on&#8220; use_thumbnail_height=&#8220;on&#8220; thumbnail_height=&#8220;300px&#8220; use_thumbnails=&#8220;on&#8220; image_size=&#8220;gform-image-choice-lg&#8220; show_author=&#8220;off&#8220; show_date=&#8220;off&#8220; show_excerpt=&#8220;off&#8220; columns=&#8220;3&#8243; container_padding=&#8220;0px|20px|0px|20px|false|true&#8220; item_padding=&#8220;0px|0px|0px|0px|false|false&#8220; loop=&#8220;on&#8220; autoplay=&#8220;on&#8220; autoplay_speed=&#8220;4000&#8243; navigation=&#8220;on&#8220; dynamic_bullets=&#8220;off&#8220; navigation_prev_icon_yn=&#8220;on&#8220; navigation_prev_icon=&#8220;&#x34;||divi||400&#8243; navigation_next_icon_yn=&#8220;on&#8220; navigation_next_icon=&#8220;&#x35;||divi||400&#8243; navigation_size=&#8220;30&#8243; navigation_position_left=&#8220;-36px&#8220; navigation_position_right=&#8220;-36px&#8220; image_animation=&#8220;zoomin&#8220; thumbnail_height_tablet=&#8220;200px&#8220; thumbnail_height_phone=&#8220;250px&#8220; thumbnail_height_last_edited=&#8220;on|tablet&#8220; columns_tablet=&#8220;&#8220; columns_phone=&#8220;1&#8243; columns_last_edited=&#8220;on|phone&#8220; _builder_version=&#8220;4.27.4&#8243; _module_preset=&#8220;default&#8220; header_level=&#8220;h4&#8243; header_line_height=&#8220;1.2em&#8220; cat_font=&#8220;|||on|||||&#8220; cat_font_size=&#8220;12px&#8220; cat_letter_spacing=&#8220;1px&#8220; custom_css_category=&#8220;margin-bottom:5px !important;&#8220; custom_css_post_content=&#8220;padding:10px 0;&#8220; border_radii_image=&#8220;on|15px|15px|15px|15px&#8220; global_colors_info=&#8220;{}&#8220;][\/dipi_blog_slider][\/et_pb_column][\/et_pb_row][\/et_pb_section]<\/p>\n","protected":false},"excerpt":{"rendered":"<p>Les Celliers de SionDer erste \u0152noparcim Herzen des WallisDie Celliers de Sion sind das Zusammentreffen von zwei Fertigkeiten und zwei Traditionen. Die Geschichte einer Freundschaft zwischen zwei Familien, den H\u00e4usern Bonvin 1858 und Varone Vins, und einer Partnerschaft, die im Respekt vor der Identit\u00e4t jedes Einzelnen entwickelt wurde.<div class=\"et_pb_module dipi_carousel dipi_carousel_0\">\n\t\t\t\t\n\t\t\t\t\n\t\t\t\t\n\t\t\t\t\n\t\t\t\t\n\t\t\t\t\n\t\t\t\t<div class=\"et_pb_module_inner\">\n\t\t\t\t\t\n            <div class=\"dipi-carousel-main dipi_loading hide_lightbox hide_lightbox_tablet hide_lightbox_phone\" data-columnsdesktop='1' data-columnstablet='1' data-columnsphone='1' data-spacebetween='0' data-spacebetween_tablet='0' data-spacebetween_phone='0' data-speed='500|500|500' data-navigation='on' data-navigation_t='on' data-navigation_m='on' data-pagination='off' data-pagination_t='off' data-pagination_m='off' data-autoplay_settigns='{\"loop_wide\":\"off\",\"autoplay_wide\":\"&#8220;on&#8220;\",\"continues_wide\":\"off\",\"autoplay_reverse_wide\":\"off\",\"pause_on_hover_wide\":\"&#8220;on&#8220;\",\"autoplay_speed_wide\":\"&#8220;3000&#8243;\",\"loop_mid\":\"off\",\"autoplay_mid\":\"&#8220;on&#8220;\",\"continues_mid\":\"off\",\"autoplay_reverse_mid\":\"off\",\"pause_on_hover_mid\":\"&#8220;on&#8220;\",\"autoplay_speed_mid\":\"&#8220;3000&#8243;\",\"loop_small\":\"off\",\"autoplay_small\":\"off\",\"continues_small\":\"off\",\"autoplay_reverse_small\":\"off\",\"pause_on_hover_small\":\"off\",\"autoplay_speed_small\":\"5000\"}' data-effect='slide' data-rotate='50' data-dynamicbullets='on' data-ordernumber='0' data-centered='off' data-allow_touch_move='on' data-allow_touch_move_t='on' data-allow_touch_move_p='on' data-shadow='on' data-continues='off' style=\"display:none;\">\n                <div class=\"swiper-container\">\n                    <div class=\"dipi-carousel-wrapper\">\n                        \n                    <\/div>\n                <\/div>\n                <div class=\"swiper-button-next swiper-arrow-button dipi-sbn0 \" data-icon=\"&#x35;\"><\/div>\n                <div class=\"swiper-button-prev swiper-arrow-button dipi-sbp0 \" data-icon=\"&#x34;\"><\/div>\n                \n                <div class=\"swiper-container-horizontal\">\n                    <div class=\"swiper-pagination dipi-sp0\"><\/div>\n                <\/div>\n            <\/div>\n\t\t\t\t<\/div>\n\t\t\t<\/div><\/p>\n","protected":false},"author":1,"featured_media":0,"parent":0,"menu_order":0,"comment_status":"closed","ping_status":"closed","template":"","meta":{"_acf_changed":false,"_et_pb_use_builder":"on","_et_pb_old_content":"","_et_gb_content_width":"","footnotes":""},"dipi_cpt_category":[],"class_list":["post-23946342","page","type-page","status-publish","hentry"],"acf":[],"_links":{"self":[{"href":"https:\/\/celliers.ch\/de\/wp-json\/wp\/v2\/pages\/23946342","targetHints":{"allow":["GET"]}}],"collection":[{"href":"https:\/\/celliers.ch\/de\/wp-json\/wp\/v2\/pages"}],"about":[{"href":"https:\/\/celliers.ch\/de\/wp-json\/wp\/v2\/types\/page"}],"author":[{"embeddable":true,"href":"https:\/\/celliers.ch\/de\/wp-json\/wp\/v2\/users\/1"}],"replies":[{"embeddable":true,"href":"https:\/\/celliers.ch\/de\/wp-json\/wp\/v2\/comments?post=23946342"}],"version-history":[{"count":51,"href":"https:\/\/celliers.ch\/de\/wp-json\/wp\/v2\/pages\/23946342\/revisions"}],"predecessor-version":[{"id":23952972,"href":"https:\/\/celliers.ch\/de\/wp-json\/wp\/v2\/pages\/23946342\/revisions\/23952972"}],"wp:attachment":[{"href":"https:\/\/celliers.ch\/de\/wp-json\/wp\/v2\/media?parent=23946342"}],"wp:term":[{"taxonomy":"dipi_cpt_category","embeddable":true,"href":"https:\/\/celliers.ch\/de\/wp-json\/wp\/v2\/dipi_cpt_category?post=23946342"}],"curies":[{"name":"wp","href":"https:\/\/api.w.org\/{rel}","templated":true}]}}