{"id":23946381,"date":"2023-10-10T10:33:42","date_gmt":"2023-10-10T08:33:42","guid":{"rendered":"https:\/\/celliers.ch\/kontakt\/"},"modified":"2026-04-06T18:10:12","modified_gmt":"2026-04-06T16:10:12","slug":"kontakt","status":"publish","type":"page","link":"https:\/\/celliers.ch\/de\/kontakt\/","title":{"rendered":"Kontakt"},"content":{"rendered":"<p>[et_pb_section fb_built=&#8220;1&#8243; admin_label=&#8220;section&#8220; _builder_version=&#8220;4.25.0&#8243; custom_padding=&#8220;||1em||false|false&#8220; global_colors_info=&#8220;{}&#8220;][et_pb_row admin_label=&#8220;row&#8220; _builder_version=&#8220;4.16&#8243; background_size=&#8220;initial&#8220; background_position=&#8220;top_left&#8220; background_repeat=&#8220;repeat&#8220; global_colors_info=&#8220;{}&#8220;][et_pb_column type=&#8220;4_4&#8243; _builder_version=&#8220;4.16&#8243; custom_padding=&#8220;|||&#8220; global_colors_info=&#8220;{}&#8220; custom_padding__hover=&#8220;|||&#8220;][et_pb_text _builder_version=&#8220;4.24.0&#8243; _module_preset=&#8220;bf60d947-3f90-4402-8aff-3b2baae28d03&#8243; global_colors_info=&#8220;{}&#8220;]<\/p>\n<p>Oenoparc des Celliers de Sion<\/p>\n<p>[\/et_pb_text][et_pb_text module_class=&#8220;grappe&#8220; _builder_version=&#8220;4.24.0&#8243; _module_preset=&#8220;default&#8220; global_colors_info=&#8220;{}&#8220;]<\/p>\n<h2>Besuchen Sie uns<\/h2>\n<p>[\/et_pb_text][\/et_pb_column][\/et_pb_row][et_pb_row column_structure=&#8220;1_3,2_3&#8243; _builder_version=&#8220;4.24.0&#8243; _module_preset=&#8220;default&#8220; global_colors_info=&#8220;{}&#8220;][et_pb_column type=&#8220;1_3&#8243; _builder_version=&#8220;4.24.0&#8243; _module_preset=&#8220;default&#8220; global_colors_info=&#8220;{}&#8220;][et_pb_text _builder_version=&#8220;4.24.0&#8243; _module_preset=&#8220;default&#8220; custom_margin=&#8220;||28px|||&#8220; global_colors_info=&#8220;{}&#8220;]<\/p>\n<h3>Les Celliers de Sion<\/h3>\n<p>[\/et_pb_text][et_pb_blurb use_icon=&#8220;on&#8220; font_icon=&#8220;&#xe081;||divi||400&#8243; icon_color=&#8220;#000000&#8243; icon_placement=&#8220;left&#8220; image_icon_width=&#8220;18px&#8220; _builder_version=&#8220;4.24.0&#8243; _module_preset=&#8220;default&#8220; body_text_color=&#8220;#000000&#8243; custom_margin=&#8220;||25px||false|false&#8220; hover_transition_duration=&#8220;0ms&#8220; link_option_url=&#8220;https:\/\/maps.app.goo.gl\/KkD5FVbfDHFPiGfB9&#8243; link_option_url_new_window=&#8220;on&#8220; locked=&#8220;off&#8220; global_colors_info=&#8220;{}&#8220;]<\/p>\n<p>Route d&#8217;Italie 9<br \/>1950 Sion<\/p>\n<p>[\/et_pb_blurb][et_pb_blurb use_icon=&#8220;on&#8220; font_icon=&#8220;&#xf879;||fa||900&#8243; icon_color=&#8220;#000000&#8243; icon_placement=&#8220;left&#8220; image_icon_width=&#8220;18px&#8220; _builder_version=&#8220;4.24.0&#8243; _module_preset=&#8220;default&#8220; body_text_color=&#8220;#000000&#8243; custom_margin=&#8220;||25px||false|false&#8220; hover_transition_duration=&#8220;0ms&#8220; link_option_url=&#8220;https:\/\/maps.app.goo.gl\/KkD5FVbfDHFPiGfB9&#8243; link_option_url_new_window=&#8220;on&#8220; locked=&#8220;off&#8220; global_colors_info=&#8220;{}&#8220;]<\/p>\n<p>027 203 56 81<\/p>\n<p>[\/et_pb_blurb][et_pb_divider color=&#8220;gcid-de147bab-cb71-4dd3-93a6-5bd6489abf79&#8243; divider_position=&#8220;center&#8220; _builder_version=&#8220;4.24.0&#8243; _module_preset=&#8220;default&#8220; custom_margin=&#8220;40px||40px||true|false&#8220; global_colors_info=&#8220;{%22gcid-de147bab-cb71-4dd3-93a6-5bd6489abf79%22:%91%22color%22%93}&#8220;][\/et_pb_divider][et_pb_text _builder_version=&#8220;4.24.0&#8243; _module_preset=&#8220;default&#8220; custom_margin=&#8220;||28px|||&#8220; global_colors_info=&#8220;{}&#8220;]<\/p>\n<h3>\u00d6ffnungszeiten<\/h3>\n<p>[\/et_pb_text][et_pb_image src=&#8220;https:\/\/celliers.ch\/wp-content\/uploads\/2025\/12\/horaires-de-fetes.jpg&#8220; alt=&#8220;\u00d6ffnungszeiten Celliers de Sion&#8220; title_text=&#8220;Feiertagszeiten&#8220; disabled_on=&#8220;on|on|on&#8220; module_id=&#8220;horairesfetes&#8220; _builder_version=&#8220;4.27.4&#8243; _module_preset=&#8220;default&#8220; disabled=&#8220;on&#8220; global_colors_info=&#8220;{}&#8220;][\/et_pb_image][et_pb_text disabled_on=&#8220;off|off|off&#8220; _builder_version=&#8220;4.24.0&#8243; _module_preset=&#8220;default&#8220; global_colors_info=&#8220;{}&#8220;]<\/p>\n<p><strong>Der Oenoparc ist 7\/7 ge\u00f6ffnet.<\/strong><\/p>\n<p>Montag &#8211; Sonntag<br \/>von 10:00 bis 20:00 Uhr<\/p>\n<p>[\/et_pb_text][et_pb_text disabled_on=&#8220;on|on|on&#8220; _builder_version=&#8220;4.27.4&#8243; _module_preset=&#8220;default&#8220; disabled=&#8220;on&#8220; global_colors_info=&#8220;{}&#8220;]<\/p>\n<p><strong>Der Oenoparc ist 7\/7 ge\u00f6ffnet.<\/strong><\/p>\n<p>Montag &#8211; Samstag<br \/>von 10.00 bis 20.00 Uhr<\/p>\n<p>Sonntag<br \/>von 10 bis 18 Uhr<\/p>\n<p>[\/et_pb_text][\/et_pb_column][et_pb_column type=&#8220;2_3&#8243; _builder_version=&#8220;4.24.0&#8243; _module_preset=&#8220;default&#8220; global_colors_info=&#8220;{}&#8220;][et_pb_code _builder_version=&#8220;4.24.0&#8243; _module_preset=&#8220;default&#8220; global_colors_info=&#8220;{}&#8220;]<iframe src=\"https:\/\/www.google.com\/maps\/embed?pb=!1m18!1m12!1m3!1d2759.4241554913624!2d7.374101276713343!3d46.24179508122109!2m3!1f0!2f0!3f0!3m2!1i1024!2i768!4f13.1!3m3!1m2!1s0x478edc3f9ec23257%3A0x78c0d48a1295fda6!2sLes%20Celliers%20de%20Sion!5e0!3m2!1sfr!2sch!4v1691137951099!5m2!1sfr!2sch\" width=\"1000\" height=\"500\" style=\"border:0;\" allowfullscreen=\"\" loading=\"lazy\" referrerpolicy=\"no-referrer-when-downgrade\"><\/iframe>[\/et_pb_code][\/et_pb_column][\/et_pb_row][et_pb_row _builder_version=&#8220;4.27.4&#8243; _module_preset=&#8220;default&#8220; custom_padding=&#8220;||1em||false|false&#8220; global_colors_info=&#8220;{}&#8220;][et_pb_column type=&#8220;4_4&#8243; _builder_version=&#8220;4.24.0&#8243; _module_preset=&#8220;default&#8220; global_colors_info=&#8220;{}&#8220;][et_pb_text _builder_version=&#8220;4.24.0&#8243; _module_preset=&#8220;bf60d947-3f90-4402-8aff-3b2baae28d03&#8243; global_colors_info=&#8220;{}&#8220;]<\/p>\n<p>N\u00e4chster Halt, Les Celliers de Sion<\/p>\n<p>[\/et_pb_text][et_pb_text _builder_version=&#8220;4.24.0&#8243; _module_preset=&#8220;default&#8220; global_colors_info=&#8220;{}&#8220;]<\/p>\n<h2>Wegbeschreibung vom Bahnhof Sion<\/h2>\n<p>[\/et_pb_text][\/et_pb_column][\/et_pb_row][et_pb_row column_structure=&#8220;1_3,1_3,1_3&#8243; make_equal=&#8220;on&#8220; module_id=&#8220;acces&#8220; _builder_version=&#8220;4.27.4&#8243; _module_preset=&#8220;default&#8220; global_colors_info=&#8220;{}&#8220;][et_pb_column type=&#8220;1_3&#8243; _builder_version=&#8220;4.27.4&#8243; _module_preset=&#8220;default&#8220; background_color=&#8220;#FFFFFF&#8220; custom_padding=&#8220;20px|30px|20px|30px|false|false&#8220; border_radii=&#8220;on|30px|30px|30px|30px&#8220; box_shadow_style=&#8220;preset2&#8243; global_colors_info=&#8220;{}&#8220;][et_pb_text _builder_version=&#8220;4.24.0&#8243; _module_preset=&#8220;default&#8220; global_colors_info=&#8220;{}&#8220;]<\/p>\n<h3>\u00d6ffentlicher Verkehr<\/h3>\n<p>[\/et_pb_text][et_pb_text _builder_version=&#8220;4.24.0&#8243; _module_preset=&#8220;default&#8220; custom_margin=&#8220;||10px||false|false&#8220; global_colors_info=&#8220;{}&#8220;]<\/p>\n<p>Nehmen Sie den Postbus B14.<\/p>\n<p>Halten Sie an der Haltestelle &#8222;Sion Platta&#8220; und gehen Sie dann 7 Minuten zu Fu\u00df, um zu den Celliers de Sion zu gelangen.<\/p>\n<p><strong>Montag &#8211; Samstag:<\/strong><br \/>Abfahrt alle 20 Minuten.<\/p>\n<p><strong>Sonntag:<\/strong><br \/>alle 2 Stunden.<\/p>\n<p>[\/et_pb_text][et_pb_button button_url=&#8220;https:\/\/www.google.com\/maps\/d\/viewer?mid=1o74nWzvGGbRT9SokqrB7LLJXWr42MBQ&amp;ll=46.23486839437953%2C7.366464350000026&amp;z=15&#8243; url_new_window=&#8220;on&#8220; button_text=&#8220;Route mit dem Bus&#8220; _builder_version=&#8220;4.27.4&#8243; _module_preset=&#8220;default&#8220; global_colors_info=&#8220;{}&#8220;][\/et_pb_button][\/et_pb_column][et_pb_column type=&#8220;1_3&#8243; _builder_version=&#8220;4.24.0&#8243; _module_preset=&#8220;default&#8220; background_color=&#8220;#FFFFFF&#8220; custom_padding=&#8220;20px|30px|20px|30px|false|false&#8220; border_radii=&#8220;on|30px|30px|30px|30px&#8220; box_shadow_style=&#8220;preset2&#8243; global_colors_info=&#8220;{}&#8220;][et_pb_text _builder_version=&#8220;4.24.0&#8243; _module_preset=&#8220;default&#8220; global_colors_info=&#8220;{}&#8220;]<\/p>\n<h3>Zu Fu\u00df<\/h3>\n<p>[\/et_pb_text][et_pb_text _builder_version=&#8220;4.27.4&#8243; _module_preset=&#8220;default&#8220; custom_margin=&#8220;||10px||false|false&#8220; global_colors_info=&#8220;{}&#8220;]<\/p>\n<p>Sie k\u00f6nnen die Celliers de Sion vom Bahnhof aus in 40-45 Minuten zu Fu\u00df \u00fcber Stra\u00dfen und B\u00fcrgersteige erreichen.<\/p>\n<p>Aus Sicherheitsgr\u00fcnden folgen Sie bitte der unten angegebenen Route, um die Kantonsstra\u00dfe zu vermeiden.<\/p>\n<p>[\/et_pb_text][et_pb_button button_url=&#8220;https:\/\/www.google.com\/maps\/d\/u\/0\/viewer?hl=fr&amp;mid=1gXX-9HX9obIOmNDcTwyz4NzkbP8MXE8&amp;ll=46.23472017468442%2C7.367749849999994&amp;z=15&#8243; url_new_window=&#8220;on&#8220; button_text=&#8220;Route zu Fu\u00df&#8220; _builder_version=&#8220;4.27.4&#8243; _module_preset=&#8220;default&#8220; global_colors_info=&#8220;{}&#8220;][\/et_pb_button][\/et_pb_column][et_pb_column type=&#8220;1_3&#8243; _builder_version=&#8220;4.27.4&#8243; _module_preset=&#8220;default&#8220; background_color=&#8220;#FFFFFF&#8220; background_image=&#8220;https:\/\/celliers.ch\/wp-content\/uploads\/2025\/11\/cigle-jaune-rando.png&#8220; background_size=&#8220;custom&#8220; background_image_height=&#8220;10%&#8220; background_position=&#8220;top_right&#8220; background_horizontal_offset=&#8220;8%&#8220; background_vertical_offset=&#8220;4%&#8220; custom_padding=&#8220;20px|30px|20px|30px|false|false&#8220; background_last_edited=&#8220;on|phone&#8220; background_image_height_tablet=&#8220;11%&#8220; background_horizontal_offset_phone=&#8220;9%&#8220; background_vertical_offset_phone=&#8220;5%&#8220; border_radii=&#8220;on|30px|30px|30px|30px&#8220; box_shadow_style=&#8220;preset2&#8243; global_colors_info=&#8220;{}&#8220;][et_pb_text _builder_version=&#8220;4.27.4&#8243; _module_preset=&#8220;default&#8220; global_colors_info=&#8220;{}&#8220;]<\/p>\n<h3>Wanderung<\/h3>\n<p>[\/et_pb_text][et_pb_text _builder_version=&#8220;4.27.4&#8243; _module_preset=&#8220;default&#8220; custom_margin=&#8220;||10px||false|false&#8220; global_colors_info=&#8220;{}&#8220;]<\/p>\n<p>Sie k\u00f6nnen die Celliers de Sion vom Bahnhof aus in 40-45 Minuten zu Fu\u00df \u00fcber einen markierten Wanderweg erreichen.<\/p>\n<p>Aus Sicherheitsgr\u00fcnden folgen Sie bitte der unten angegebenen Route, um die Kantonsstra\u00dfe zu vermeiden.<\/p>\n<p>[\/et_pb_text][et_pb_image src=&#8220;https:\/\/celliers.ch\/wp-content\/uploads\/2025\/11\/image-chemin.png&#8220; title_text=&#8220;Bild Weg&#8220; _builder_version=&#8220;4.27.4&#8243; _module_preset=&#8220;default&#8220; global_colors_info=&#8220;{}&#8220;][\/et_pb_image][et_pb_button button_url=&#8220;https:\/\/www.google.com\/maps\/d\/u\/0\/viewer?hl=fr&amp;mid=1EXwwjk40hNUIJtb9JUVlfaLJCtId79I&amp;ll=46.2347229750528%2C7.367751849999999&amp;z=15&#8243; url_new_window=&#8220;on&#8220; button_text=&#8220;Wanderroute&#8220; _builder_version=&#8220;4.27.4&#8243; _module_preset=&#8220;default&#8220; global_colors_info=&#8220;{}&#8220;][\/et_pb_button][\/et_pb_column][\/et_pb_row][\/et_pb_section][et_pb_section fb_built=&#8220;1&#8243; _builder_version=&#8220;4.27.4&#8243; _module_preset=&#8220;default&#8220; custom_padding=&#8220;2em||||false|false&#8220; global_colors_info=&#8220;{}&#8220;][et_pb_row custom_padding_last_edited=&#8220;on|phone&#8220; _builder_version=&#8220;4.24.0&#8243; _module_preset=&#8220;default&#8220; background_color=&#8220;#FFFFFF&#8220; width=&#8220;40%&#8220; width_tablet=&#8220;80%&#8220; width_phone=&#8220;100%&#8220; width_last_edited=&#8220;on|desktop&#8220; custom_padding=&#8220;|40px||40px|false|true&#8220; custom_padding_tablet=&#8220;|40px||40px|false|true&#8220; custom_padding_phone=&#8220;|40px||40px|false|true&#8220; global_colors_info=&#8220;{}&#8220;][et_pb_column type=&#8220;4_4&#8243; _builder_version=&#8220;4.24.0&#8243; _module_preset=&#8220;default&#8220; global_colors_info=&#8220;{}&#8220;][et_pb_text _builder_version=&#8220;4.24.0&#8243; _module_preset=&#8220;bf60d947-3f90-4402-8aff-3b2baae28d03&#8243; global_colors_info=&#8220;{}&#8220;]<\/p>\n<p>Haben Sie eine Frage?<\/p>\n<p>[\/et_pb_text][et_pb_text _builder_version=&#8220;4.24.0&#8243; _module_preset=&#8220;default&#8220; global_colors_info=&#8220;{}&#8220;]<\/p>\n<h2>Kontaktieren Sie uns<\/h2>\n<p>[\/et_pb_text][dipi_gravity_forms_styler gf_form_id=&#8220;2&#8243; use_ajax=&#8220;on&#8220; _builder_version=&#8220;4.24.2&#8243; _module_preset=&#8220;6ce8dba2-74b1-40bf-b4a9-6ec9197a0861&#8243; global_colors_info=&#8220;{%22gcid-5bb8bbae-64e2-42dd-a614-e8fbea0b29dd%22:%91%22all_text_color%22%93}&#8220;][\/dipi_gravity_forms_styler][\/et_pb_column][\/et_pb_row][\/et_pb_section]<\/p>\n","protected":false},"excerpt":{"rendered":"<p>Oenoparc des Celliers de SionBesuchen Sie unsLes Celliers de SionRoute d&#8217;Italie 91950 Sion027 203 56 81\u00d6ffnungszeitenDer Oenoparc ist 7\/7 ge\u00f6ffnet. Montag &#8211; Sonntagvon 10:00 bis 20:00 UhrDer Oenoparc ist 7\/7 ge\u00f6ffnet. Montag &#8211; Samstagvon 10.00 bis 20.00 Uhr Sonntagvon 10 bis 18 UhrN\u00e4chster Halt, Les Celliers de SionWegbeschreibung vom Bahnhof Sion\u00d6ffentlicher VerkehrNehmen Sie den Postbus [&hellip;]<\/p>\n","protected":false},"author":1,"featured_media":23945592,"parent":0,"menu_order":0,"comment_status":"closed","ping_status":"closed","template":"","meta":{"_acf_changed":false,"_et_pb_use_builder":"on","_et_pb_old_content":"","_et_gb_content_width":"","footnotes":""},"dipi_cpt_category":[],"class_list":["post-23946381","page","type-page","status-publish","has-post-thumbnail","hentry"],"acf":[],"_links":{"self":[{"href":"https:\/\/celliers.ch\/de\/wp-json\/wp\/v2\/pages\/23946381","targetHints":{"allow":["GET"]}}],"collection":[{"href":"https:\/\/celliers.ch\/de\/wp-json\/wp\/v2\/pages"}],"about":[{"href":"https:\/\/celliers.ch\/de\/wp-json\/wp\/v2\/types\/page"}],"author":[{"embeddable":true,"href":"https:\/\/celliers.ch\/de\/wp-json\/wp\/v2\/users\/1"}],"replies":[{"embeddable":true,"href":"https:\/\/celliers.ch\/de\/wp-json\/wp\/v2\/comments?post=23946381"}],"version-history":[{"count":58,"href":"https:\/\/celliers.ch\/de\/wp-json\/wp\/v2\/pages\/23946381\/revisions"}],"predecessor-version":[{"id":23953189,"href":"https:\/\/celliers.ch\/de\/wp-json\/wp\/v2\/pages\/23946381\/revisions\/23953189"}],"wp:featuredmedia":[{"embeddable":true,"href":"https:\/\/celliers.ch\/de\/wp-json\/wp\/v2\/media\/23945592"}],"wp:attachment":[{"href":"https:\/\/celliers.ch\/de\/wp-json\/wp\/v2\/media?parent=23946381"}],"wp:term":[{"taxonomy":"dipi_cpt_category","embeddable":true,"href":"https:\/\/celliers.ch\/de\/wp-json\/wp\/v2\/dipi_cpt_category?post=23946381"}],"curies":[{"name":"wp","href":"https:\/\/api.w.org\/{rel}","templated":true}]}}