{"id":23951768,"date":"2025-07-22T11:25:27","date_gmt":"2025-07-22T09:25:27","guid":{"rendered":"https:\/\/celliers.ch\/activities\/visite-evolene\/"},"modified":"2025-11-06T10:05:47","modified_gmt":"2025-11-06T09:05:47","slug":"visite-evolene","status":"publish","type":"page","link":"https:\/\/celliers.ch\/en\/activities\/visite-evolene\/","title":{"rendered":"Gourmet visit to Evol\u00e8ne"},"content":{"rendered":"<p>[et_pb_section fb_built=&#8221;1&#8243; _builder_version=&#8221;4.24.0&#8243; _module_preset=&#8221;default&#8221; custom_padding=&#8221;||0px||false|false&#8221; global_colors_info=&#8221;{}&#8221;][et_pb_row _builder_version=&#8221;4.23.1&#8243; _module_preset=&#8221;default&#8221; custom_padding=&#8221;0px||||false|false&#8221; global_colors_info=&#8221;{}&#8221;][et_pb_column type=&#8221;4_4&#8243; _builder_version=&#8221;4.23.1&#8243; _module_preset=&#8221;default&#8221; global_colors_info=&#8221;{}&#8221;][dipi_breadcrumbs bc_separator_icon=&#8221;&#x35;||divi||400&#8243; bc_items_alignment=&#8221;dipi-bc-center&#8221; bc_post_type=&#8221;page&#8221; bc_schema=&#8221;on&#8221; _builder_version=&#8221;4.23.1&#8243; _module_preset=&#8221;default&#8221; items_font=&#8221;|||on|||||&#8221; items_font_size=&#8221;12.5px&#8221; hover_font=&#8221;||||on||||solid&#8221; active_font=&#8221;||||||||&#8221; global_colors_info=&#8221;{}&#8221;][\/dipi_breadcrumbs][\/et_pb_column][\/et_pb_row][\/et_pb_section][et_pb_section fb_built=&#8221;1&#8243; _builder_version=&#8221;4.23.1&#8243; _module_preset=&#8221;default&#8221; custom_padding=&#8221;0px||||false|false&#8221; global_colors_info=&#8221;{}&#8221;][et_pb_row column_structure=&#8221;1_2,1_2&#8243; _builder_version=&#8221;4.25.0&#8243; _module_preset=&#8221;default&#8221; global_colors_info=&#8221;{}&#8221;][et_pb_column type=&#8221;1_2&#8243; module_id=&#8221;prix&#8221; _builder_version=&#8221;4.25.0&#8243; _module_preset=&#8221;default&#8221; global_colors_info=&#8221;{}&#8221;][et_pb_text _builder_version=&#8221;4.27.4&#8243; _module_preset=&#8221;default&#8221; custom_margin=&#8221;||10px||false|false&#8221; custom_padding=&#8221;||||false|false&#8221; global_colors_info=&#8221;{}&#8221;]<\/p>\n<h2 data-start=\"115\" data-end=\"162\">Discover our wines at 1&#8217;400 m altitude<\/h2>\n<p data-start=\"164\" data-end=\"522\">[\/et_pb_text][dipi_button_grid flex_direction=&#8221;row&#8221; justify_content=&#8221;flex-start&#8221; _builder_version=&#8221;4.27.4&#8243; _module_preset=&#8221;default&#8221; text_style_font=&#8221;|600|||||||&#8221; custom_margin=&#8221;||20px||false|false&#8221; custom_padding=&#8221;||||false|false&#8221; locked=&#8221;off&#8221; global_colors_info=&#8221;{}&#8221;][dipi_button_grid_child button_type=&#8221;text&#8221; text_info=&#8221;CHF 49.00 \/ classic tour&#8221; _builder_version=&#8221;4.27.4&#8243; _module_preset=&#8221;default&#8221; global_colors_info=&#8221;{}&#8221;][\/dipi_button_grid_child][dipi_button_grid_child button_type=&#8221;text&#8221; text_info=&#8221;\u25cf&#8221; _builder_version=&#8221;4.23.1&#8243; _module_preset=&#8221;default&#8221; text_style_text_color=&#8221;gcid-5bb8bbae-64e2-42dd-a614-e8fbea0b29dd&#8221; global_colors_info=&#8221;{%22gcid-5bb8bbae-64e2-42dd-a614-e8fbea0b29dd%22:%91%22text_style_text_color%22%93}&#8221;][\/dipi_button_grid_child][dipi_button_grid_child button_type=&#8221;text&#8221; text_info=&#8221;CHF 79.00 \/ premium visit&#8221; _builder_version=&#8221;4.27.4&#8243; _module_preset=&#8221;default&#8221; global_colors_info=&#8221;{}&#8221;][\/dipi_button_grid_child][\/dipi_button_grid][et_pb_text _builder_version=&#8221;4.27.4&#8243; _module_preset=&#8221;default&#8221; custom_margin=&#8221;||20px||false|false&#8221; global_colors_info=&#8221;{}&#8221;]<\/p>\n<p>Take a step up and let yourself be surprised by the perfect blend of Alpine heritage and exceptional tasting.<\/p>\n<p>The Evol\u00e8ne R\u00e9gion Tourist Office offers you two Gourmet Visits in the heart of the village of Evol\u00e8ne, where our wines are the perfect accompaniment to local specialities. A guided immersion in history, terroir and the pleasures of the senses. <\/p>\n<p>[\/et_pb_text][et_pb_button button_url=&#8221;https:\/\/www.evolene-region.ch\/fr\/les-visites-gourmandes-d-evolene-fp50626&#8243; url_new_window=&#8221;on&#8221; button_text=&#8221;Information and booking&#8221; _builder_version=&#8221;4.27.4&#8243; _module_preset=&#8221;default&#8221; custom_margin=&#8221;||10px||false|false&#8221; global_colors_info=&#8221;{}&#8221;][\/et_pb_button][dipi_button_grid flex_direction=&#8221;row&#8221; justify_content=&#8221;flex-start&#8221; _builder_version=&#8221;4.27.4&#8243; _module_preset=&#8221;default&#8221; custom_padding=&#8221;||||false|false&#8221; locked=&#8221;off&#8221; global_colors_info=&#8221;{}&#8221;][dipi_button_grid_child button_type=&#8221;text&#8221; text_info=&#8221;Reservations and information requests can be made directly to the Evol\u00e8ne Tourist Office.&#8221; _builder_version=&#8221;4.27.4&#8243; _module_preset=&#8221;default&#8221; text_style_text_color=&#8221;gcid-5bb8bbae-64e2-42dd-a614-e8fbea0b29dd&#8221; background_color=&#8221;#FFFFFF&#8221; background_enable_color=&#8221;on&#8221; custom_margin=&#8221;|||0px|false|false&#8221; custom_padding=&#8221;6px|12px|6px|12px|true|true&#8221; global_colors_info=&#8221;{%22gcid-5bb8bbae-64e2-42dd-a614-e8fbea0b29dd%22:%91%22text_style_text_color%22%93}&#8221;][\/dipi_button_grid_child][\/dipi_button_grid][\/et_pb_column][et_pb_column type=&#8221;1_2&#8243; module_id=&#8221;photos&#8221; _builder_version=&#8221;4.25.0&#8243; _module_preset=&#8221;default&#8221; global_colors_info=&#8221;{}&#8221;][dipi_image_gallery autoplay_delay=&#8221;5000&#8243; _builder_version=&#8221;4.27.4&#8243; _module_preset=&#8221;default&#8221; global_colors_info=&#8221;{}&#8221;][dipi_image_gallery_child item_image=&#8221;https:\/\/celliers.ch\/wp-content\/uploads\/2025\/07\/visite-gourmande-a-Evolene-1.jpg&#8221; _builder_version=&#8221;4.27.4&#8243; _module_preset=&#8221;default&#8221; global_colors_info=&#8221;{}&#8221;][\/dipi_image_gallery_child][dipi_image_gallery_child item_image=&#8221;https:\/\/celliers.ch\/wp-content\/uploads\/2025\/07\/visite-degustation-evolene.jpg&#8221; _builder_version=&#8221;4.27.4&#8243; _module_preset=&#8221;default&#8221; global_colors_info=&#8221;{}&#8221;][\/dipi_image_gallery_child][dipi_image_gallery_child item_image=&#8221;https:\/\/celliers.ch\/wp-content\/uploads\/2025\/07\/visite-dans-le-val-dherens.jpg&#8221; _builder_version=&#8221;4.27.4&#8243; _module_preset=&#8221;default&#8221; global_colors_info=&#8221;{}&#8221;][\/dipi_image_gallery_child][dipi_image_gallery_child item_image=&#8221;https:\/\/celliers.ch\/wp-content\/uploads\/2025\/07\/visite-a-Evolene.jpg&#8221; _builder_version=&#8221;4.27.4&#8243; _module_preset=&#8221;default&#8221; global_colors_info=&#8221;{}&#8221;][\/dipi_image_gallery_child][dipi_image_gallery_child item_image=&#8221;https:\/\/celliers.ch\/wp-content\/uploads\/2025\/07\/Evolene-visite-gourmande.jpg&#8221; _builder_version=&#8221;4.27.4&#8243; _module_preset=&#8221;default&#8221; global_colors_info=&#8221;{}&#8221;][\/dipi_image_gallery_child][dipi_image_gallery_child item_image=&#8221;https:\/\/celliers.ch\/wp-content\/uploads\/2025\/07\/deguster-des-vins-du-valais.jpg&#8221; _builder_version=&#8221;4.27.4&#8243; _module_preset=&#8221;default&#8221; global_colors_info=&#8221;{}&#8221;][\/dipi_image_gallery_child][\/dipi_image_gallery][\/et_pb_column][\/et_pb_row][\/et_pb_section][et_pb_section fb_built=&#8221;1&#8243; _builder_version=&#8221;4.24.0&#8243; _module_preset=&#8221;default&#8221; background_color=&#8221;#FFFFFF&#8221; use_background_color_gradient=&#8221;on&#8221; background_color_gradient_stops=&#8221;rgba(255,255,255,0.79) 0%|rgba(255,255,255,0.8) 100%&#8221; background_color_gradient_overlays_image=&#8221;on&#8221; background_image=&#8221;https:\/\/celliers.ch\/wp-content\/uploads\/2024\/01\/header-oenoparc-1.jpg&#8221; parallax=&#8221;on&#8221; parallax_method=&#8221;off&#8221; global_module=&#8221;612&#8243; saved_tabs=&#8221;all&#8221; global_colors_info=&#8221;{}&#8221;][et_pb_row _builder_version=&#8221;4.23.1&#8243; _module_preset=&#8221;default&#8221; global_colors_info=&#8221;{}&#8221;][et_pb_column type=&#8221;4_4&#8243; _builder_version=&#8221;4.23.1&#8243; _module_preset=&#8221;default&#8221; global_colors_info=&#8221;{}&#8221;][et_pb_text _builder_version=&#8221;4.23.1&#8243; _module_preset=&#8221;bf60d947-3f90-4402-8aff-3b2baae28d03&#8243; global_colors_info=&#8221;{}&#8221;]<\/p>\n<p>Let yourself be inspired<\/p>\n<p>[\/et_pb_text][et_pb_text _builder_version=&#8221;4.23.1&#8243; _module_preset=&#8221;default&#8221; global_colors_info=&#8221;{}&#8221;]<\/p>\n<h2>Discover our other activities  <\/h2>\n<p>[\/et_pb_text][dipi_blog_slider select_post_type=&#8221;page&#8221; select_custom_tax=&#8221;dipi_cpt_category&#8221; include_term_ids_of_dipi_cpt_category=&#8221;11,12&#8243; use_thumbnails=&#8221;on&#8221; image_size=&#8221;et-pb-portfolio-image&#8221; orderby=&#8221;rand&#8221; autoplay_speed=&#8221;5000&#8243; _builder_version=&#8221;4.24.2&#8243; _module_preset=&#8221;804936f9-9987-4eb7-ba79-c3d981b25ccf&#8221; global_colors_info=&#8221;{}&#8221;][\/dipi_blog_slider][\/et_pb_column][\/et_pb_row][\/et_pb_section][et_pb_section fb_built=&#8221;1&#8243; _builder_version=&#8221;4.23.1&#8243; _module_preset=&#8221;default&#8221; global_colors_info=&#8221;{}&#8221;][et_pb_row column_structure=&#8221;2_5,3_5&#8243; make_equal=&#8221;on&#8221; _builder_version=&#8221;4.23.1&#8243; _module_preset=&#8221;default&#8221; global_module=&#8221;539&#8243; saved_tabs=&#8221;all&#8221; global_colors_info=&#8221;{}&#8221;][et_pb_column type=&#8221;2_5&#8243; _builder_version=&#8221;4.23.1&#8243; _module_preset=&#8221;default&#8221; custom_css_main_element=&#8221;align-self: center;&#8221; global_colors_info=&#8221;{}&#8221;][et_pb_image src=&#8221;https:\/\/celliers.ch\/wp-content\/uploads\/2024\/01\/rabais-commande-vins-valais.png&#8221; alt=&#8221;Discounts on wine orders in the Valais&#8221; title_text=&#8221;Discounts on wine orders in the Valais&#8221; url=&#8221;https:\/\/shop.celliers.ch&#8221; url_new_window=&#8221;on&#8221; _builder_version=&#8221;4.25.0&#8243; _module_preset=&#8221;default&#8221; width_tablet=&#8221;&#8221; width_phone=&#8221;&#8221; width_last_edited=&#8221;on|tablet&#8221; max_width_tablet=&#8221;70%&#8221; max_width_phone=&#8221;100%&#8221; max_width_last_edited=&#8221;on|phone&#8221; module_alignment_tablet=&#8221;center&#8221; module_alignment_phone=&#8221;center&#8221; module_alignment_last_edited=&#8221;on|tablet&#8221; global_colors_info=&#8221;{}&#8221;][\/et_pb_image][\/et_pb_column][et_pb_column type=&#8221;3_5&#8243; _builder_version=&#8221;4.23.1&#8243; _module_preset=&#8221;default&#8221; custom_css_main_element=&#8221;align-self: center;&#8221; global_colors_info=&#8221;{}&#8221;][et_pb_text _builder_version=&#8221;4.23.1&#8243; _module_preset=&#8221;bf60d947-3f90-4402-8aff-3b2baae28d03&#8243; global_colors_info=&#8221;{}&#8221;]<\/p>\n<p>Combine and enjoy<\/p>\n<p>[\/et_pb_text][et_pb_text _builder_version=&#8221;4.27.4&#8243; _module_preset=&#8221;default&#8221; global_colors_info=&#8221;{}&#8221;]<\/p>\n<h2>15% off your wine order<\/h2>\n<p>[\/et_pb_text][et_pb_text _builder_version=&#8221;4.27.4&#8243; _module_preset=&#8221;default&#8221; global_colors_info=&#8221;{}&#8221;]<\/p>\n<p>Each time you take part in one of our wine tourism activities, you&#8217;ll receive a 15% discount on your wine order on the day of your visit.<\/p>\n<p>[\/et_pb_text][et_pb_button button_url=&#8221;https:\/\/shop.celliers.ch&#8221; url_new_window=&#8221;on&#8221; button_text=&#8221;See the shop&#8221; _builder_version=&#8221;4.23.1&#8243; _module_preset=&#8221;default&#8221; global_colors_info=&#8221;{}&#8221;][\/et_pb_button][\/et_pb_column][\/et_pb_row][\/et_pb_section][et_pb_section fb_built=&#8221;1&#8243; _builder_version=&#8221;4.23.1&#8243; _module_preset=&#8221;default&#8221; global_colors_info=&#8221;{}&#8221; global_module=&#8221;23952462&#8243; theme_builder_area=&#8221;post_content&#8221;][et_pb_row column_structure=&#8221;1_4,3_4&#8243; _builder_version=&#8221;4.24.2&#8243; _module_preset=&#8221;default&#8221; link_option_url=&#8221;https:\/\/celliers.ch\/en\/events\/&#8221; global_colors_info=&#8221;{}&#8221; theme_builder_area=&#8221;post_content&#8221;][et_pb_column type=&#8221;1_4&#8243; _builder_version=&#8221;4.23.1&#8243; _module_preset=&#8221;default&#8221; global_colors_info=&#8221;{}&#8221; theme_builder_area=&#8221;post_content&#8221;][et_pb_text _builder_version=&#8221;4.27.4&#8243; _module_preset=&#8221;bf60d947-3f90-4402-8aff-3b2baae28d03&#8243; locked=&#8221;off&#8221; global_colors_info=&#8221;{}&#8221; theme_builder_area=&#8221;post_content&#8221;]<\/p>\n<p>READ MORE<\/p>\n<p>[\/et_pb_text][et_pb_text module_class=&#8221;grappe&#8221; _builder_version=&#8221;4.27.4&#8243; _module_preset=&#8221;default&#8221; locked=&#8221;off&#8221; global_colors_info=&#8221;{}&#8221; theme_builder_area=&#8221;post_content&#8221;]<\/p>\n<h2>Wine news<\/h2>\n<p>[\/et_pb_text][et_pb_text _builder_version=&#8221;4.27.4&#8243; _module_preset=&#8221;default&#8221; locked=&#8221;off&#8221; global_colors_info=&#8221;{}&#8221; theme_builder_area=&#8221;post_content&#8221;]<\/p>\n<p>Discover the latest news from Celliers de Sion. From our exceptional cuv\u00e9es to upcoming events, from our rich heritage to the delights of our table, keep up to date with everything that brings our estate to life through the seasons. <\/p>\n<p>[\/et_pb_text][et_pb_button button_url=&#8221;https:\/\/celliers.ch\/en\/news\/&#8221; button_text=&#8221;All the news&#8221; _builder_version=&#8221;4.27.4&#8243; _module_preset=&#8221;default&#8221; locked=&#8221;off&#8221; global_colors_info=&#8221;{%22gcid-5bb8bbae-64e2-42dd-a614-e8fbea0b29dd%22:%91%22button_text_color%22,%22button_icon_color%22%93}&#8221; custom_css_main_element__hover_enabled=&#8221;off|hover&#8221; button_bg_enable_color__hover=&#8221;on&#8221; theme_builder_area=&#8221;post_content&#8221;][\/et_pb_button][\/et_pb_column][et_pb_column type=&#8221;3_4&#8243; _builder_version=&#8221;4.23.1&#8243; _module_preset=&#8221;default&#8221; global_colors_info=&#8221;{}&#8221; theme_builder_area=&#8221;post_content&#8221;][dipi_blog_slider include_categories=&#8221;59,57,29,58,56&#8243; card_clickable=&#8221;on&#8221; use_thumbnail_height=&#8221;on&#8221; thumbnail_height=&#8221;300px&#8221; use_thumbnails=&#8221;on&#8221; image_size=&#8221;gform-image-choice-lg&#8221; show_author=&#8221;off&#8221; show_date=&#8221;off&#8221; show_excerpt=&#8221;off&#8221; columns=&#8221;3&#8243; container_padding=&#8221;0px|20px|0px|20px|false|true&#8221; item_padding=&#8221;0px|0px|0px|0px|false|false&#8221; loop=&#8221;on&#8221; autoplay=&#8221;on&#8221; autoplay_speed=&#8221;4000&#8243; navigation=&#8221;on&#8221; dynamic_bullets=&#8221;off&#8221; navigation_prev_icon_yn=&#8221;on&#8221; navigation_prev_icon=&#8221;&#x34;||divi||400&#8243; navigation_next_icon_yn=&#8221;on&#8221; navigation_next_icon=&#8221;&#x35;||divi||400&#8243; navigation_size=&#8221;30&#8243; navigation_position_left=&#8221;-36px&#8221; navigation_position_right=&#8221;-36px&#8221; image_animation=&#8221;zoomin&#8221; thumbnail_height_tablet=&#8221;200px&#8221; thumbnail_height_phone=&#8221;250px&#8221; thumbnail_height_last_edited=&#8221;on|tablet&#8221; columns_tablet=&#8221;&#8221; columns_phone=&#8221;1&#8243; columns_last_edited=&#8221;on|phone&#8221; _builder_version=&#8221;4.27.4&#8243; _module_preset=&#8221;default&#8221; header_level=&#8221;h4&#8243; header_line_height=&#8221;1.2em&#8221; cat_font=&#8221;|||on|||||&#8221; cat_font_size=&#8221;12px&#8221; cat_letter_spacing=&#8221;1px&#8221; custom_css_category=&#8221;margin-bottom:5px !important;&#8221; custom_css_post_content=&#8221;padding:10px 0;&#8221; border_radii_image=&#8221;on|15px|15px|15px|15px&#8221; global_colors_info=&#8221;{}&#8221; theme_builder_area=&#8221;post_content&#8221;][\/dipi_blog_slider][\/et_pb_column][\/et_pb_row][\/et_pb_section][et_pb_section fb_built=&#8221;1&#8243; disabled_on=&#8221;off|on|on&#8221; admin_label=&#8221;Navigation bottom activit\u00e9s&#8221; module_id=&#8221;menu-sticky-mobile&#8221; _builder_version=&#8221;4.27.0&#8243; _module_preset=&#8221;default&#8221; background_color=&#8221;#000000&#8243; positioning=&#8221;fixed&#8221; position_origin_f=&#8221;bottom_center&#8221; z_index=&#8221;999&#8243; custom_padding=&#8221;0px||0px||false|false&#8221; global_module=&#8221;23947304&#8243; global_colors_info=&#8221;{}&#8221;][et_pb_row _builder_version=&#8221;4.27.0&#8243; _module_preset=&#8221;default&#8221; width=&#8221;90%&#8221; custom_padding=&#8221;5px||5px|40px|true|false&#8221; global_colors_info=&#8221;{}&#8221;][et_pb_column type=&#8221;4_4&#8243; _builder_version=&#8221;4.25.0&#8243; _module_preset=&#8221;default&#8221; global_colors_info=&#8221;{}&#8221;][dipi_button_grid flex_direction=&#8221;row&#8221; _builder_version=&#8221;4.27.0&#8243; _module_preset=&#8221;default&#8221; custom_button_grid=&#8221;on&#8221; button_grid_text_size=&#8221;15px&#8221; button_grid_text_color=&#8221;#FFFFFF&#8221; button_grid_border_width=&#8221;0px&#8221; button_grid_border_radius=&#8221;30px&#8221; global_colors_info=&#8221;{%22gcid-5bb8bbae-64e2-42dd-a614-e8fbea0b29dd%22:%91%22button_grid_bg_color__hover%22%93}&#8221; button_grid_bg_color__hover_enabled=&#8221;on|hover&#8221; button_grid_bg_color__hover=&#8221;#af272f&#8221; button_grid_bg_enable_color__hover=&#8221;on&#8221;][dipi_button_grid_child button_id=&#8221;Prix&#8221; button_type=&#8221;dp_button&#8221; button_text=&#8221;Price&#8221; button_link=&#8221;#prix&#8221; _builder_version=&#8221;4.27.0&#8243; _module_preset=&#8221;default&#8221; custom_button=&#8221;on&#8221; button_text_size=&#8221;16px&#8221; button_text_color=&#8221;#FFFFFF&#8221; button_border_width=&#8221;0px&#8221; button_font=&#8221;Lora||||||||&#8221; custom_margin=&#8221;|0px||0px|false|false&#8221; custom_padding=&#8221;||||false|false&#8221; global_colors_info=&#8221;{}&#8221;][\/dipi_button_grid_child][dipi_button_grid_child button_id=&#8221;Photos&#8221; button_type=&#8221;dp_button&#8221; button_text=&#8221;Photos&#8221; button_link=&#8221;#photos&#8221; _builder_version=&#8221;4.25.1&#8243; _module_preset=&#8221;default&#8221; custom_button=&#8221;on&#8221; button_text_size=&#8221;16px&#8221; button_border_width=&#8221;0px&#8221; button_font=&#8221;Lora||||||||&#8221; custom_margin=&#8221;|0px||0px|false|true&#8221; global_colors_info=&#8221;{}&#8221;][\/dipi_button_grid_child][dipi_button_grid_child button_id=&#8221;R\u00e9server&#8221; button_type=&#8221;dp_button&#8221; button_text=&#8221;Book&#8221; button_link=&#8221;#reserver&#8221; _builder_version=&#8221;4.25.1&#8243; _module_preset=&#8221;default&#8221; custom_button=&#8221;on&#8221; button_text_size=&#8221;16px&#8221; button_border_width=&#8221;0px&#8221; button_font=&#8221;Lora||||||||&#8221; custom_margin=&#8221;|0px||0px|false|true&#8221; global_colors_info=&#8221;{}&#8221;][\/dipi_button_grid_child][dipi_button_grid_child button_id=&#8221;FAQ&#8221; button_type=&#8221;dp_button&#8221; button_text=&#8221;FAQ&#8221; button_link=&#8221;#faq&#8221; _builder_version=&#8221;4.25.1&#8243; _module_preset=&#8221;default&#8221; custom_button=&#8221;on&#8221; button_text_size=&#8221;16px&#8221; button_border_width=&#8221;0px&#8221; button_font=&#8221;Lora||||||||&#8221; custom_margin=&#8221;|0px||0px|false|true&#8221; global_colors_info=&#8221;{}&#8221;][\/dipi_button_grid_child][\/dipi_button_grid][\/et_pb_column][\/et_pb_row][\/et_pb_section]<\/p>\n","protected":false},"excerpt":{"rendered":"<p>Taste our wines in a traditional Alpine village<\/p>\n","protected":false},"author":2,"featured_media":23951720,"parent":23946331,"menu_order":0,"comment_status":"closed","ping_status":"closed","template":"","meta":{"_acf_changed":false,"_et_pb_use_builder":"on","_et_pb_old_content":"","_et_gb_content_width":"","footnotes":""},"dipi_cpt_category":[37,36,40],"class_list":["post-23951768","page","type-page","status-publish","has-post-thumbnail","hentry","dipi_cpt_category-10-pers-en-2","dipi_cpt_category-10-pers-en","dipi_cpt_category-outdoor-en"],"acf":[],"_links":{"self":[{"href":"https:\/\/celliers.ch\/en\/wp-json\/wp\/v2\/pages\/23951768","targetHints":{"allow":["GET"]}}],"collection":[{"href":"https:\/\/celliers.ch\/en\/wp-json\/wp\/v2\/pages"}],"about":[{"href":"https:\/\/celliers.ch\/en\/wp-json\/wp\/v2\/types\/page"}],"author":[{"embeddable":true,"href":"https:\/\/celliers.ch\/en\/wp-json\/wp\/v2\/users\/2"}],"replies":[{"embeddable":true,"href":"https:\/\/celliers.ch\/en\/wp-json\/wp\/v2\/comments?post=23951768"}],"version-history":[{"count":10,"href":"https:\/\/celliers.ch\/en\/wp-json\/wp\/v2\/pages\/23951768\/revisions"}],"predecessor-version":[{"id":23952613,"href":"https:\/\/celliers.ch\/en\/wp-json\/wp\/v2\/pages\/23951768\/revisions\/23952613"}],"up":[{"embeddable":true,"href":"https:\/\/celliers.ch\/en\/wp-json\/wp\/v2\/pages\/23946331"}],"wp:featuredmedia":[{"embeddable":true,"href":"https:\/\/celliers.ch\/en\/wp-json\/wp\/v2\/media\/23951720"}],"wp:attachment":[{"href":"https:\/\/celliers.ch\/en\/wp-json\/wp\/v2\/media?parent=23951768"}],"wp:term":[{"taxonomy":"dipi_cpt_category","embeddable":true,"href":"https:\/\/celliers.ch\/en\/wp-json\/wp\/v2\/dipi_cpt_category?post=23951768"}],"curies":[{"name":"wp","href":"https:\/\/api.w.org\/{rel}","templated":true}]}}